{"id":3956,"date":"2026-04-14T14:00:45","date_gmt":"2026-04-14T11:00:45","guid":{"rendered":"https:\/\/chrispy.gr\/unser-bekenntnis-zur-nachhaltigkeit\/"},"modified":"2026-04-15T09:08:32","modified_gmt":"2026-04-15T06:08:32","slug":"unser-bekenntnis-zur-nachhaltigkeit","status":"publish","type":"page","link":"https:\/\/chrispy.gr\/de\/unser-bekenntnis-zur-nachhaltigkeit\/","title":{"rendered":"Unser Bekenntnis zur Nachhaltigkeit"},"content":{"rendered":"\t\t<div data-elementor-type=\"wp-page\" data-elementor-id=\"3956\" class=\"elementor elementor-3956 elementor-3926\" data-elementor-post-type=\"page\">\n\t\t\t\t<div data-dce-background-image-url=\"https:\/\/chrispy.gr\/wp-content\/uploads\/2026\/03\/Dining-24.webp\" class=\"elementor-element elementor-element-feb7dd8 e-con-full e-flex e-con e-parent\" data-id=\"feb7dd8\" data-element_type=\"container\" data-e-type=\"container\" data-settings=\"{&quot;background_background&quot;:&quot;classic&quot;}\">\n\t\t\t\t<\/div>\n\t\t<div class=\"elementor-element elementor-element-f99f374 e-con-full e-flex e-con e-parent\" data-id=\"f99f374\" data-element_type=\"container\" data-e-type=\"container\">\n\t\t\t\t<div data-dce-title-color=\"#000000\" class=\"elementor-element elementor-element-d396bb9 elementor-widget__width-initial elementor-widget-tablet__width-inherit elementor-widget-mobile__width-inherit elementor-widget elementor-widget-heading\" data-id=\"d396bb9\" data-element_type=\"widget\" data-e-type=\"widget\" data-widget_type=\"heading.default\">\n\t\t\t\t\t<h2 class=\"elementor-heading-title elementor-size-default\">Unser Bekenntnis zur Nachhaltigkeit<\/h2>\t\t\t\t<\/div>\n\t\t<div class=\"elementor-element elementor-element-ef5453f e-con-full e-flex e-con e-child\" data-id=\"ef5453f\" data-element_type=\"container\" data-e-type=\"container\">\n\t\t\t\t<div class=\"elementor-element elementor-element-b13f565 elementor-widget__width-initial elementor-widget elementor-widget-text-editor\" data-id=\"b13f565\" data-element_type=\"widget\" data-e-type=\"widget\" data-widget_type=\"text-editor.default\">\n\t\t\t\t\t\t\t\t\t<p data-path-to-node=\"8\">Wir bei <b data-path-to-node=\"8\" data-index-in-node=\"3\">Chrispy Hotels<\/b> glauben, dass erstklassige Gastfreundschaft und \u00f6kologische Verantwortung Hand in Hand gehen. Wir sind bestrebt, unseren \u00f6kologischen Fu\u00dfabdruck durch strategische, nachhaltige Initiativen zu verkleinern, die jeden Aspekt unseres Betriebs betreffen. Durch die Nutzung moderner Solarpaneele k\u00f6nnen wir <b data-path-to-node=\"8\" data-index-in-node=\"343\">den Stromverbrauch<\/b> in unserem <b data-path-to-node=\"8\" data-index-in-node=\"296\">Wasserpark<\/b> und unseren <b data-path-to-node=\"8\" data-index-in-node=\"310\">City Living-Anlagen<\/b> <b data-path-to-node=\"8\" data-index-in-node=\"343\">um 60 % senken<\/b>, was durch die Einf\u00fchrung energieeffizienter LED-Beleuchtung in allen unseren R\u00e4umlichkeiten noch unterst\u00fctzt wird.  <\/p><p data-path-to-node=\"9\"> <\/p><p data-path-to-node=\"9\">Unser Engagement erstreckt sich auch auf umweltbewusste Betriebsabl\u00e4ufe, bei denen wir die Umwelt durch die Verwendung nachhaltiger Verpackungen und ein rigoroses Recyclingprogramm sch\u00fctzen. Diese Philosophie spiegelt sich auch in unserem kulinarischen Angebot wider. Unsere Restaurants ehren das Land, indem sie frische, hochwertige Zutaten direkt von <b data-path-to-node=\"9\" data-index-in-node=\"319\">lokalen Erzeugern<\/b> beziehen. Auf diese Weise unterst\u00fctzen wir sowohl unsere lokale Gemeinschaft als auch die Umwelt und sorgen daf\u00fcr, dass Ihr Aufenthalt ebenso verantwortungsvoll wie unvergesslich ist.  <\/p>\t\t\t\t\t\t\t\t<\/div>\n\t\t\t\t<\/div>\n\t\t\t\t<\/div>\n\t\t\t\t<\/div>\n\t\t","protected":false},"excerpt":{"rendered":"<p>Wir bei Chrispy Hotels glauben, dass erstklassige Gastfreundschaft und \u00f6kologische Verantwortung Hand in Hand gehen. Wir sind bestrebt, unseren \u00f6kologischen Fu\u00dfabdruck durch strategische, nachhaltige Initiativen zu verkleinern, die jeden Aspekt unseres Betriebs betreffen. Durch die Nutzung moderner Solarpaneele k\u00f6nnen wir den Stromverbrauch in unserem Wasserpark und unseren City Living-Anlagen um 60 % senken, was durch [&hellip;]<\/p>\n","protected":false},"author":3,"featured_media":3721,"parent":0,"menu_order":0,"comment_status":"closed","ping_status":"closed","template":"","meta":{"_acf_changed":false,"footnotes":""},"class_list":["post-3956","page","type-page","status-publish","has-post-thumbnail","hentry"],"acf":[],"yoast_head":"<!-- This site is optimized with the Yoast SEO plugin v27.3 - https:\/\/yoast.com\/product\/yoast-seo-wordpress\/ -->\n<title>Unser Bekenntnis zur Nachhaltigkeit &#8226; Chrispy Hotels<\/title>\n<meta name=\"robots\" content=\"index, follow, max-snippet:-1, max-image-preview:large, max-video-preview:-1\" \/>\n<link rel=\"canonical\" href=\"https:\/\/chrispy.gr\/de\/unser-bekenntnis-zur-nachhaltigkeit\/\" \/>\n<meta property=\"og:locale\" content=\"de_DE\" \/>\n<meta property=\"og:type\" content=\"article\" \/>\n<meta property=\"og:title\" content=\"Unser Bekenntnis zur Nachhaltigkeit &#8226; Chrispy Hotels\" \/>\n<meta property=\"og:description\" content=\"Wir bei Chrispy Hotels glauben, dass erstklassige Gastfreundschaft und \u00f6kologische Verantwortung Hand in Hand gehen. Wir sind bestrebt, unseren \u00f6kologischen Fu\u00dfabdruck durch strategische, nachhaltige Initiativen zu verkleinern, die jeden Aspekt unseres Betriebs betreffen. Durch die Nutzung moderner Solarpaneele k\u00f6nnen wir den Stromverbrauch in unserem Wasserpark und unseren City Living-Anlagen um 60 % senken, was durch [&hellip;]\" \/>\n<meta property=\"og:url\" content=\"https:\/\/chrispy.gr\/de\/unser-bekenntnis-zur-nachhaltigkeit\/\" \/>\n<meta property=\"og:site_name\" content=\"Chrispy Hotels\" \/>\n<meta property=\"article:modified_time\" content=\"2026-04-15T06:08:32+00:00\" \/>\n<meta property=\"og:image\" content=\"https:\/\/chrispy.gr\/wp-content\/uploads\/2026\/03\/Dining-24.webp\" \/>\n\t<meta property=\"og:image:width\" content=\"1920\" \/>\n\t<meta property=\"og:image:height\" content=\"1282\" \/>\n\t<meta property=\"og:image:type\" content=\"image\/webp\" \/>\n<meta name=\"twitter:card\" content=\"summary_large_image\" \/>\n<meta name=\"twitter:label1\" content=\"Gesch\u00e4tzte Lesezeit\" \/>\n\t<meta name=\"twitter:data1\" content=\"1\u00a0Minute\" \/>\n<script type=\"application\/ld+json\" class=\"yoast-schema-graph\">{\"@context\":\"https:\\\/\\\/schema.org\",\"@graph\":[{\"@type\":\"WebPage\",\"@id\":\"https:\\\/\\\/chrispy.gr\\\/de\\\/unser-bekenntnis-zur-nachhaltigkeit\\\/\",\"url\":\"https:\\\/\\\/chrispy.gr\\\/de\\\/unser-bekenntnis-zur-nachhaltigkeit\\\/\",\"name\":\"Unser Bekenntnis zur Nachhaltigkeit &#8226; Chrispy Hotels\",\"isPartOf\":{\"@id\":\"https:\\\/\\\/chrispy.gr\\\/de\\\/#website\"},\"primaryImageOfPage\":{\"@id\":\"https:\\\/\\\/chrispy.gr\\\/de\\\/unser-bekenntnis-zur-nachhaltigkeit\\\/#primaryimage\"},\"image\":{\"@id\":\"https:\\\/\\\/chrispy.gr\\\/de\\\/unser-bekenntnis-zur-nachhaltigkeit\\\/#primaryimage\"},\"thumbnailUrl\":\"https:\\\/\\\/chrispy.gr\\\/wp-content\\\/uploads\\\/2026\\\/03\\\/Dining-24.webp\",\"datePublished\":\"2026-04-14T11:00:45+00:00\",\"dateModified\":\"2026-04-15T06:08:32+00:00\",\"breadcrumb\":{\"@id\":\"https:\\\/\\\/chrispy.gr\\\/de\\\/unser-bekenntnis-zur-nachhaltigkeit\\\/#breadcrumb\"},\"inLanguage\":\"de\",\"potentialAction\":[{\"@type\":\"ReadAction\",\"target\":[\"https:\\\/\\\/chrispy.gr\\\/de\\\/unser-bekenntnis-zur-nachhaltigkeit\\\/\"]}]},{\"@type\":\"ImageObject\",\"inLanguage\":\"de\",\"@id\":\"https:\\\/\\\/chrispy.gr\\\/de\\\/unser-bekenntnis-zur-nachhaltigkeit\\\/#primaryimage\",\"url\":\"https:\\\/\\\/chrispy.gr\\\/wp-content\\\/uploads\\\/2026\\\/03\\\/Dining-24.webp\",\"contentUrl\":\"https:\\\/\\\/chrispy.gr\\\/wp-content\\\/uploads\\\/2026\\\/03\\\/Dining-24.webp\",\"width\":1920,\"height\":1282},{\"@type\":\"BreadcrumbList\",\"@id\":\"https:\\\/\\\/chrispy.gr\\\/de\\\/unser-bekenntnis-zur-nachhaltigkeit\\\/#breadcrumb\",\"itemListElement\":[{\"@type\":\"ListItem\",\"position\":1,\"name\":\"Home\",\"item\":\"https:\\\/\\\/chrispy.gr\\\/de\\\/startseite\\\/\"},{\"@type\":\"ListItem\",\"position\":2,\"name\":\"Unser Bekenntnis zur Nachhaltigkeit\"}]},{\"@type\":\"WebSite\",\"@id\":\"https:\\\/\\\/chrispy.gr\\\/de\\\/#website\",\"url\":\"https:\\\/\\\/chrispy.gr\\\/de\\\/\",\"name\":\"Chrispy Hotels\",\"description\":\"\u0391 Collection of Hotels in Chania, Crete, Greece\",\"publisher\":{\"@id\":\"https:\\\/\\\/chrispy.gr\\\/de\\\/#organization\"},\"potentialAction\":[{\"@type\":\"SearchAction\",\"target\":{\"@type\":\"EntryPoint\",\"urlTemplate\":\"https:\\\/\\\/chrispy.gr\\\/de\\\/?s={search_term_string}\"},\"query-input\":{\"@type\":\"PropertyValueSpecification\",\"valueRequired\":true,\"valueName\":\"search_term_string\"}}],\"inLanguage\":\"de\"},{\"@type\":\"Organization\",\"@id\":\"https:\\\/\\\/chrispy.gr\\\/de\\\/#organization\",\"name\":\"Chrispy Hotels\",\"url\":\"https:\\\/\\\/chrispy.gr\\\/de\\\/\",\"logo\":{\"@type\":\"ImageObject\",\"inLanguage\":\"de\",\"@id\":\"https:\\\/\\\/chrispy.gr\\\/de\\\/#\\\/schema\\\/logo\\\/image\\\/\",\"url\":\"https:\\\/\\\/chrispy.gr\\\/wp-content\\\/uploads\\\/2025\\\/06\\\/chrispy-hotels-logo-2.svg\",\"contentUrl\":\"https:\\\/\\\/chrispy.gr\\\/wp-content\\\/uploads\\\/2025\\\/06\\\/chrispy-hotels-logo-2.svg\",\"width\":1228,\"height\":1354,\"caption\":\"Chrispy Hotels\"},\"image\":{\"@id\":\"https:\\\/\\\/chrispy.gr\\\/de\\\/#\\\/schema\\\/logo\\\/image\\\/\"}}]}<\/script>\n<!-- \/ Yoast SEO plugin. -->","yoast_head_json":{"title":"Unser Bekenntnis zur Nachhaltigkeit &#8226; Chrispy Hotels","robots":{"index":"index","follow":"follow","max-snippet":"max-snippet:-1","max-image-preview":"max-image-preview:large","max-video-preview":"max-video-preview:-1"},"canonical":"https:\/\/chrispy.gr\/de\/unser-bekenntnis-zur-nachhaltigkeit\/","og_locale":"de_DE","og_type":"article","og_title":"Unser Bekenntnis zur Nachhaltigkeit &#8226; Chrispy Hotels","og_description":"Wir bei Chrispy Hotels glauben, dass erstklassige Gastfreundschaft und \u00f6kologische Verantwortung Hand in Hand gehen. Wir sind bestrebt, unseren \u00f6kologischen Fu\u00dfabdruck durch strategische, nachhaltige Initiativen zu verkleinern, die jeden Aspekt unseres Betriebs betreffen. Durch die Nutzung moderner Solarpaneele k\u00f6nnen wir den Stromverbrauch in unserem Wasserpark und unseren City Living-Anlagen um 60 % senken, was durch [&hellip;]","og_url":"https:\/\/chrispy.gr\/de\/unser-bekenntnis-zur-nachhaltigkeit\/","og_site_name":"Chrispy Hotels","article_modified_time":"2026-04-15T06:08:32+00:00","og_image":[{"width":1920,"height":1282,"url":"https:\/\/chrispy.gr\/wp-content\/uploads\/2026\/03\/Dining-24.webp","type":"image\/webp"}],"twitter_card":"summary_large_image","twitter_misc":{"Gesch\u00e4tzte Lesezeit":"1\u00a0Minute"},"schema":{"@context":"https:\/\/schema.org","@graph":[{"@type":"WebPage","@id":"https:\/\/chrispy.gr\/de\/unser-bekenntnis-zur-nachhaltigkeit\/","url":"https:\/\/chrispy.gr\/de\/unser-bekenntnis-zur-nachhaltigkeit\/","name":"Unser Bekenntnis zur Nachhaltigkeit &#8226; Chrispy Hotels","isPartOf":{"@id":"https:\/\/chrispy.gr\/de\/#website"},"primaryImageOfPage":{"@id":"https:\/\/chrispy.gr\/de\/unser-bekenntnis-zur-nachhaltigkeit\/#primaryimage"},"image":{"@id":"https:\/\/chrispy.gr\/de\/unser-bekenntnis-zur-nachhaltigkeit\/#primaryimage"},"thumbnailUrl":"https:\/\/chrispy.gr\/wp-content\/uploads\/2026\/03\/Dining-24.webp","datePublished":"2026-04-14T11:00:45+00:00","dateModified":"2026-04-15T06:08:32+00:00","breadcrumb":{"@id":"https:\/\/chrispy.gr\/de\/unser-bekenntnis-zur-nachhaltigkeit\/#breadcrumb"},"inLanguage":"de","potentialAction":[{"@type":"ReadAction","target":["https:\/\/chrispy.gr\/de\/unser-bekenntnis-zur-nachhaltigkeit\/"]}]},{"@type":"ImageObject","inLanguage":"de","@id":"https:\/\/chrispy.gr\/de\/unser-bekenntnis-zur-nachhaltigkeit\/#primaryimage","url":"https:\/\/chrispy.gr\/wp-content\/uploads\/2026\/03\/Dining-24.webp","contentUrl":"https:\/\/chrispy.gr\/wp-content\/uploads\/2026\/03\/Dining-24.webp","width":1920,"height":1282},{"@type":"BreadcrumbList","@id":"https:\/\/chrispy.gr\/de\/unser-bekenntnis-zur-nachhaltigkeit\/#breadcrumb","itemListElement":[{"@type":"ListItem","position":1,"name":"Home","item":"https:\/\/chrispy.gr\/de\/startseite\/"},{"@type":"ListItem","position":2,"name":"Unser Bekenntnis zur Nachhaltigkeit"}]},{"@type":"WebSite","@id":"https:\/\/chrispy.gr\/de\/#website","url":"https:\/\/chrispy.gr\/de\/","name":"Chrispy Hotels","description":"\u0391 Collection of Hotels in Chania, Crete, Greece","publisher":{"@id":"https:\/\/chrispy.gr\/de\/#organization"},"potentialAction":[{"@type":"SearchAction","target":{"@type":"EntryPoint","urlTemplate":"https:\/\/chrispy.gr\/de\/?s={search_term_string}"},"query-input":{"@type":"PropertyValueSpecification","valueRequired":true,"valueName":"search_term_string"}}],"inLanguage":"de"},{"@type":"Organization","@id":"https:\/\/chrispy.gr\/de\/#organization","name":"Chrispy Hotels","url":"https:\/\/chrispy.gr\/de\/","logo":{"@type":"ImageObject","inLanguage":"de","@id":"https:\/\/chrispy.gr\/de\/#\/schema\/logo\/image\/","url":"https:\/\/chrispy.gr\/wp-content\/uploads\/2025\/06\/chrispy-hotels-logo-2.svg","contentUrl":"https:\/\/chrispy.gr\/wp-content\/uploads\/2025\/06\/chrispy-hotels-logo-2.svg","width":1228,"height":1354,"caption":"Chrispy Hotels"},"image":{"@id":"https:\/\/chrispy.gr\/de\/#\/schema\/logo\/image\/"}}]}},"_links":{"self":[{"href":"https:\/\/chrispy.gr\/de\/wp-json\/wp\/v2\/pages\/3956","targetHints":{"allow":["GET"]}}],"collection":[{"href":"https:\/\/chrispy.gr\/de\/wp-json\/wp\/v2\/pages"}],"about":[{"href":"https:\/\/chrispy.gr\/de\/wp-json\/wp\/v2\/types\/page"}],"author":[{"embeddable":true,"href":"https:\/\/chrispy.gr\/de\/wp-json\/wp\/v2\/users\/3"}],"replies":[{"embeddable":true,"href":"https:\/\/chrispy.gr\/de\/wp-json\/wp\/v2\/comments?post=3956"}],"version-history":[{"count":0,"href":"https:\/\/chrispy.gr\/de\/wp-json\/wp\/v2\/pages\/3956\/revisions"}],"wp:featuredmedia":[{"embeddable":true,"href":"https:\/\/chrispy.gr\/de\/wp-json\/wp\/v2\/media\/3721"}],"wp:attachment":[{"href":"https:\/\/chrispy.gr\/de\/wp-json\/wp\/v2\/media?parent=3956"}],"curies":[{"name":"wp","href":"https:\/\/api.w.org\/{rel}","templated":true}]}}