{"id":3951,"date":"2026-04-14T14:22:35","date_gmt":"2026-04-14T11:22:35","guid":{"rendered":"https:\/\/chrispy.gr\/soziale-verantwortung-der-unternehmen\/"},"modified":"2026-04-14T16:54:42","modified_gmt":"2026-04-14T13:54:42","slug":"soziale-verantwortung-der-unternehmen","status":"publish","type":"page","link":"https:\/\/chrispy.gr\/de\/soziale-verantwortung-der-unternehmen\/","title":{"rendered":"Soziale Verantwortung der Unternehmen"},"content":{"rendered":"\t\t<div data-elementor-type=\"wp-page\" data-elementor-id=\"3951\" class=\"elementor elementor-3951 elementor-3940\" data-elementor-post-type=\"page\">\n\t\t\t\t<div data-dce-background-image-url=\"https:\/\/chrispy.gr\/wp-content\/uploads\/2026\/03\/Facilities-29.webp\" class=\"elementor-element elementor-element-acf93e9 e-con-full e-flex e-con e-parent\" data-id=\"acf93e9\" data-element_type=\"container\" data-e-type=\"container\" data-settings=\"{&quot;background_background&quot;:&quot;classic&quot;}\">\n\t\t\t\t<\/div>\n\t\t<div class=\"elementor-element elementor-element-498d294 e-con-full e-flex e-con e-parent\" data-id=\"498d294\" data-element_type=\"container\" data-e-type=\"container\">\n\t\t\t\t<div data-dce-title-color=\"#000000\" class=\"elementor-element elementor-element-a70a6d6 elementor-widget__width-initial elementor-widget-tablet__width-inherit elementor-widget-mobile__width-inherit elementor-widget elementor-widget-heading\" data-id=\"a70a6d6\" data-element_type=\"widget\" data-e-type=\"widget\" data-widget_type=\"heading.default\">\n\t\t\t\t\t<h2 class=\"elementor-heading-title elementor-size-default\">Soziale Verantwortung der Unternehmen<\/h2>\t\t\t\t<\/div>\n\t\t<div class=\"elementor-element elementor-element-28b3898 e-con-full e-flex e-con e-child\" data-id=\"28b3898\" data-element_type=\"container\" data-e-type=\"container\">\n\t\t\t\t<div class=\"elementor-element elementor-element-8a38401 elementor-widget__width-initial elementor-widget elementor-widget-text-editor\" data-id=\"8a38401\" data-element_type=\"widget\" data-e-type=\"widget\" data-widget_type=\"text-editor.default\">\n\t\t\t\t\t\t\t\t\t<div class=\"container\"><div id=\"model-response-message-contentr_3a66e186b285a571\" class=\"markdown markdown-main-panel stronger enable-updated-hr-color\" dir=\"ltr\" aria-live=\"polite\" aria-busy=\"false\"><p data-path-to-node=\"1\">Bei Chrispy Hotels schl\u00e4gt unser Herz im Rhythmus mit der lokalen Gemeinschaft, denn wir glauben, dass unser Wachstum untrennbar mit dem Wohlergehen der Menschen um uns herum verbunden ist.<br><br><\/p><p data-path-to-node=\"2\">Wir sind sehr stolz darauf, <b data-path-to-node=\"2\" data-index-in-node=\"23\">Sport und Kultur<\/b> als aktiver Sponsor lokaler Teams und kultureller Veranstaltungen <b data-path-to-node=\"2\" data-index-in-node=\"23\">zu unterst\u00fctzen<\/b>, bei denen wir uns bem\u00fchen, die wesentlichen Werte von Teamwork und Fairplay zu f\u00f6rdern. Dieses Engagement erstreckt sich auch auf eine breitere <b data-path-to-node=\"2\" data-index-in-node=\"217\">Unterst\u00fctzung der Gemeinschaft<\/b>, da wir immer wieder mit lokalen Organisationen und Initiativen zusammenarbeiten, die sich f\u00fcr die Verbesserung der Lebensqualit\u00e4t aller unserer Mitb\u00fcrger einsetzen. <br><br><\/p><p data-path-to-node=\"3\">Vor allem konzentrieren wir uns darauf, <b data-path-to-node=\"3\" data-index-in-node=\"29\">in Menschen zu investieren<\/b>. Unsere oberste Priorit\u00e4t ist es, die lokalen Arbeitskr\u00e4fte zu besch\u00e4ftigen und weiterzuentwickeln. So k\u00f6nnen wir dauerhafte Beziehungen aufbauen, die auf tief verwurzeltem Vertrauen und gegenseitigem Wachstum basieren. Wenn Sie sich f\u00fcr Chrispy Hotels entscheiden, unterst\u00fctzen Sie eine Vision, in der Tourismus und lokale Gemeinschaft Hand in Hand gedeihen.  <\/p><\/div><\/div>\t\t\t\t\t\t\t\t<\/div>\n\t\t\t\t<\/div>\n\t\t\t\t<\/div>\n\t\t\t\t<\/div>\n\t\t","protected":false},"excerpt":{"rendered":"<p>Bei Chrispy Hotels schl\u00e4gt unser Herz im Rhythmus mit der lokalen Gemeinschaft, denn wir glauben, dass unser Wachstum untrennbar mit dem Wohlergehen der Menschen um uns herum verbunden ist. Wir sind sehr stolz darauf, Sport und Kultur als aktiver Sponsor lokaler Teams und kultureller Veranstaltungen zu unterst\u00fctzen, bei denen wir uns bem\u00fchen, die wesentlichen Werte [&hellip;]<\/p>\n","protected":false},"author":3,"featured_media":3691,"parent":0,"menu_order":0,"comment_status":"closed","ping_status":"closed","template":"","meta":{"_acf_changed":false,"footnotes":""},"class_list":["post-3951","page","type-page","status-publish","has-post-thumbnail","hentry"],"acf":[],"yoast_head":"<!-- This site is optimized with the Yoast SEO plugin v27.3 - https:\/\/yoast.com\/product\/yoast-seo-wordpress\/ -->\n<title>Soziale Verantwortung der Unternehmen &#8226; Chrispy Hotels<\/title>\n<meta name=\"robots\" content=\"index, follow, max-snippet:-1, max-image-preview:large, max-video-preview:-1\" \/>\n<link rel=\"canonical\" href=\"https:\/\/chrispy.gr\/de\/soziale-verantwortung-der-unternehmen\/\" \/>\n<meta property=\"og:locale\" content=\"de_DE\" \/>\n<meta property=\"og:type\" content=\"article\" \/>\n<meta property=\"og:title\" content=\"Soziale Verantwortung der Unternehmen &#8226; Chrispy Hotels\" \/>\n<meta property=\"og:description\" content=\"Bei Chrispy Hotels schl\u00e4gt unser Herz im Rhythmus mit der lokalen Gemeinschaft, denn wir glauben, dass unser Wachstum untrennbar mit dem Wohlergehen der Menschen um uns herum verbunden ist. Wir sind sehr stolz darauf, Sport und Kultur als aktiver Sponsor lokaler Teams und kultureller Veranstaltungen zu unterst\u00fctzen, bei denen wir uns bem\u00fchen, die wesentlichen Werte [&hellip;]\" \/>\n<meta property=\"og:url\" content=\"https:\/\/chrispy.gr\/de\/soziale-verantwortung-der-unternehmen\/\" \/>\n<meta property=\"og:site_name\" content=\"Chrispy Hotels\" \/>\n<meta property=\"article:modified_time\" content=\"2026-04-14T13:54:42+00:00\" \/>\n<meta property=\"og:image\" content=\"https:\/\/chrispy.gr\/wp-content\/uploads\/2026\/03\/Facilities-29.webp\" \/>\n\t<meta property=\"og:image:width\" content=\"1920\" \/>\n\t<meta property=\"og:image:height\" content=\"1080\" \/>\n\t<meta property=\"og:image:type\" content=\"image\/webp\" \/>\n<meta name=\"twitter:card\" content=\"summary_large_image\" \/>\n<meta name=\"twitter:label1\" content=\"Gesch\u00e4tzte Lesezeit\" \/>\n\t<meta name=\"twitter:data1\" content=\"1\u00a0Minute\" \/>\n<script type=\"application\/ld+json\" class=\"yoast-schema-graph\">{\"@context\":\"https:\\\/\\\/schema.org\",\"@graph\":[{\"@type\":\"WebPage\",\"@id\":\"https:\\\/\\\/chrispy.gr\\\/de\\\/soziale-verantwortung-der-unternehmen\\\/\",\"url\":\"https:\\\/\\\/chrispy.gr\\\/de\\\/soziale-verantwortung-der-unternehmen\\\/\",\"name\":\"Soziale Verantwortung der Unternehmen &#8226; Chrispy Hotels\",\"isPartOf\":{\"@id\":\"https:\\\/\\\/chrispy.gr\\\/de\\\/#website\"},\"primaryImageOfPage\":{\"@id\":\"https:\\\/\\\/chrispy.gr\\\/de\\\/soziale-verantwortung-der-unternehmen\\\/#primaryimage\"},\"image\":{\"@id\":\"https:\\\/\\\/chrispy.gr\\\/de\\\/soziale-verantwortung-der-unternehmen\\\/#primaryimage\"},\"thumbnailUrl\":\"https:\\\/\\\/chrispy.gr\\\/wp-content\\\/uploads\\\/2026\\\/03\\\/Facilities-29.webp\",\"datePublished\":\"2026-04-14T11:22:35+00:00\",\"dateModified\":\"2026-04-14T13:54:42+00:00\",\"breadcrumb\":{\"@id\":\"https:\\\/\\\/chrispy.gr\\\/de\\\/soziale-verantwortung-der-unternehmen\\\/#breadcrumb\"},\"inLanguage\":\"de\",\"potentialAction\":[{\"@type\":\"ReadAction\",\"target\":[\"https:\\\/\\\/chrispy.gr\\\/de\\\/soziale-verantwortung-der-unternehmen\\\/\"]}]},{\"@type\":\"ImageObject\",\"inLanguage\":\"de\",\"@id\":\"https:\\\/\\\/chrispy.gr\\\/de\\\/soziale-verantwortung-der-unternehmen\\\/#primaryimage\",\"url\":\"https:\\\/\\\/chrispy.gr\\\/wp-content\\\/uploads\\\/2026\\\/03\\\/Facilities-29.webp\",\"contentUrl\":\"https:\\\/\\\/chrispy.gr\\\/wp-content\\\/uploads\\\/2026\\\/03\\\/Facilities-29.webp\",\"width\":1920,\"height\":1080},{\"@type\":\"BreadcrumbList\",\"@id\":\"https:\\\/\\\/chrispy.gr\\\/de\\\/soziale-verantwortung-der-unternehmen\\\/#breadcrumb\",\"itemListElement\":[{\"@type\":\"ListItem\",\"position\":1,\"name\":\"Home\",\"item\":\"https:\\\/\\\/chrispy.gr\\\/de\\\/startseite\\\/\"},{\"@type\":\"ListItem\",\"position\":2,\"name\":\"Soziale Verantwortung der Unternehmen\"}]},{\"@type\":\"WebSite\",\"@id\":\"https:\\\/\\\/chrispy.gr\\\/de\\\/#website\",\"url\":\"https:\\\/\\\/chrispy.gr\\\/de\\\/\",\"name\":\"Chrispy Hotels\",\"description\":\"\u0391 Collection of Hotels in Chania, Crete, Greece\",\"publisher\":{\"@id\":\"https:\\\/\\\/chrispy.gr\\\/de\\\/#organization\"},\"potentialAction\":[{\"@type\":\"SearchAction\",\"target\":{\"@type\":\"EntryPoint\",\"urlTemplate\":\"https:\\\/\\\/chrispy.gr\\\/de\\\/?s={search_term_string}\"},\"query-input\":{\"@type\":\"PropertyValueSpecification\",\"valueRequired\":true,\"valueName\":\"search_term_string\"}}],\"inLanguage\":\"de\"},{\"@type\":\"Organization\",\"@id\":\"https:\\\/\\\/chrispy.gr\\\/de\\\/#organization\",\"name\":\"Chrispy Hotels\",\"url\":\"https:\\\/\\\/chrispy.gr\\\/de\\\/\",\"logo\":{\"@type\":\"ImageObject\",\"inLanguage\":\"de\",\"@id\":\"https:\\\/\\\/chrispy.gr\\\/de\\\/#\\\/schema\\\/logo\\\/image\\\/\",\"url\":\"https:\\\/\\\/chrispy.gr\\\/wp-content\\\/uploads\\\/2025\\\/06\\\/chrispy-hotels-logo-2.svg\",\"contentUrl\":\"https:\\\/\\\/chrispy.gr\\\/wp-content\\\/uploads\\\/2025\\\/06\\\/chrispy-hotels-logo-2.svg\",\"width\":1228,\"height\":1354,\"caption\":\"Chrispy Hotels\"},\"image\":{\"@id\":\"https:\\\/\\\/chrispy.gr\\\/de\\\/#\\\/schema\\\/logo\\\/image\\\/\"}}]}<\/script>\n<!-- \/ Yoast SEO plugin. -->","yoast_head_json":{"title":"Soziale Verantwortung der Unternehmen &#8226; Chrispy Hotels","robots":{"index":"index","follow":"follow","max-snippet":"max-snippet:-1","max-image-preview":"max-image-preview:large","max-video-preview":"max-video-preview:-1"},"canonical":"https:\/\/chrispy.gr\/de\/soziale-verantwortung-der-unternehmen\/","og_locale":"de_DE","og_type":"article","og_title":"Soziale Verantwortung der Unternehmen &#8226; Chrispy Hotels","og_description":"Bei Chrispy Hotels schl\u00e4gt unser Herz im Rhythmus mit der lokalen Gemeinschaft, denn wir glauben, dass unser Wachstum untrennbar mit dem Wohlergehen der Menschen um uns herum verbunden ist. Wir sind sehr stolz darauf, Sport und Kultur als aktiver Sponsor lokaler Teams und kultureller Veranstaltungen zu unterst\u00fctzen, bei denen wir uns bem\u00fchen, die wesentlichen Werte [&hellip;]","og_url":"https:\/\/chrispy.gr\/de\/soziale-verantwortung-der-unternehmen\/","og_site_name":"Chrispy Hotels","article_modified_time":"2026-04-14T13:54:42+00:00","og_image":[{"width":1920,"height":1080,"url":"https:\/\/chrispy.gr\/wp-content\/uploads\/2026\/03\/Facilities-29.webp","type":"image\/webp"}],"twitter_card":"summary_large_image","twitter_misc":{"Gesch\u00e4tzte Lesezeit":"1\u00a0Minute"},"schema":{"@context":"https:\/\/schema.org","@graph":[{"@type":"WebPage","@id":"https:\/\/chrispy.gr\/de\/soziale-verantwortung-der-unternehmen\/","url":"https:\/\/chrispy.gr\/de\/soziale-verantwortung-der-unternehmen\/","name":"Soziale Verantwortung der Unternehmen &#8226; Chrispy Hotels","isPartOf":{"@id":"https:\/\/chrispy.gr\/de\/#website"},"primaryImageOfPage":{"@id":"https:\/\/chrispy.gr\/de\/soziale-verantwortung-der-unternehmen\/#primaryimage"},"image":{"@id":"https:\/\/chrispy.gr\/de\/soziale-verantwortung-der-unternehmen\/#primaryimage"},"thumbnailUrl":"https:\/\/chrispy.gr\/wp-content\/uploads\/2026\/03\/Facilities-29.webp","datePublished":"2026-04-14T11:22:35+00:00","dateModified":"2026-04-14T13:54:42+00:00","breadcrumb":{"@id":"https:\/\/chrispy.gr\/de\/soziale-verantwortung-der-unternehmen\/#breadcrumb"},"inLanguage":"de","potentialAction":[{"@type":"ReadAction","target":["https:\/\/chrispy.gr\/de\/soziale-verantwortung-der-unternehmen\/"]}]},{"@type":"ImageObject","inLanguage":"de","@id":"https:\/\/chrispy.gr\/de\/soziale-verantwortung-der-unternehmen\/#primaryimage","url":"https:\/\/chrispy.gr\/wp-content\/uploads\/2026\/03\/Facilities-29.webp","contentUrl":"https:\/\/chrispy.gr\/wp-content\/uploads\/2026\/03\/Facilities-29.webp","width":1920,"height":1080},{"@type":"BreadcrumbList","@id":"https:\/\/chrispy.gr\/de\/soziale-verantwortung-der-unternehmen\/#breadcrumb","itemListElement":[{"@type":"ListItem","position":1,"name":"Home","item":"https:\/\/chrispy.gr\/de\/startseite\/"},{"@type":"ListItem","position":2,"name":"Soziale Verantwortung der Unternehmen"}]},{"@type":"WebSite","@id":"https:\/\/chrispy.gr\/de\/#website","url":"https:\/\/chrispy.gr\/de\/","name":"Chrispy Hotels","description":"\u0391 Collection of Hotels in Chania, Crete, Greece","publisher":{"@id":"https:\/\/chrispy.gr\/de\/#organization"},"potentialAction":[{"@type":"SearchAction","target":{"@type":"EntryPoint","urlTemplate":"https:\/\/chrispy.gr\/de\/?s={search_term_string}"},"query-input":{"@type":"PropertyValueSpecification","valueRequired":true,"valueName":"search_term_string"}}],"inLanguage":"de"},{"@type":"Organization","@id":"https:\/\/chrispy.gr\/de\/#organization","name":"Chrispy Hotels","url":"https:\/\/chrispy.gr\/de\/","logo":{"@type":"ImageObject","inLanguage":"de","@id":"https:\/\/chrispy.gr\/de\/#\/schema\/logo\/image\/","url":"https:\/\/chrispy.gr\/wp-content\/uploads\/2025\/06\/chrispy-hotels-logo-2.svg","contentUrl":"https:\/\/chrispy.gr\/wp-content\/uploads\/2025\/06\/chrispy-hotels-logo-2.svg","width":1228,"height":1354,"caption":"Chrispy Hotels"},"image":{"@id":"https:\/\/chrispy.gr\/de\/#\/schema\/logo\/image\/"}}]}},"_links":{"self":[{"href":"https:\/\/chrispy.gr\/de\/wp-json\/wp\/v2\/pages\/3951","targetHints":{"allow":["GET"]}}],"collection":[{"href":"https:\/\/chrispy.gr\/de\/wp-json\/wp\/v2\/pages"}],"about":[{"href":"https:\/\/chrispy.gr\/de\/wp-json\/wp\/v2\/types\/page"}],"author":[{"embeddable":true,"href":"https:\/\/chrispy.gr\/de\/wp-json\/wp\/v2\/users\/3"}],"replies":[{"embeddable":true,"href":"https:\/\/chrispy.gr\/de\/wp-json\/wp\/v2\/comments?post=3951"}],"version-history":[{"count":0,"href":"https:\/\/chrispy.gr\/de\/wp-json\/wp\/v2\/pages\/3951\/revisions"}],"wp:featuredmedia":[{"embeddable":true,"href":"https:\/\/chrispy.gr\/de\/wp-json\/wp\/v2\/media\/3691"}],"wp:attachment":[{"href":"https:\/\/chrispy.gr\/de\/wp-json\/wp\/v2\/media?parent=3951"}],"curies":[{"name":"wp","href":"https:\/\/api.w.org\/{rel}","templated":true}]}}