{"id":2992,"date":"2026-03-11T15:29:54","date_gmt":"2026-03-11T13:29:54","guid":{"rendered":"https:\/\/chrispy.gr\/blog\/"},"modified":"2026-04-08T12:58:39","modified_gmt":"2026-04-08T09:58:39","slug":"blog","status":"publish","type":"page","link":"https:\/\/chrispy.gr\/de\/blog\/","title":{"rendered":"Blog"},"content":{"rendered":"\t\t<div data-elementor-type=\"wp-page\" data-elementor-id=\"2992\" class=\"elementor elementor-2992 elementor-162\" data-elementor-post-type=\"page\">\n\t\t\t\t<div data-dce-background-image-url=\"https:\/\/chrispy.gr\/wp-content\/uploads\/2026\/03\/amazing-drone-view-of-balos-lagoon-and-white-sandy.webp\" class=\"elementor-element elementor-element-c95855d e-con-full e-flex e-con e-parent\" data-id=\"c95855d\" data-element_type=\"container\" data-e-type=\"container\" data-settings=\"{&quot;background_background&quot;:&quot;classic&quot;}\">\n\t\t\t\t<\/div>\n\t\t<div class=\"elementor-element elementor-element-5ee45461 e-con-full e-flex e-con e-parent\" data-id=\"5ee45461\" data-element_type=\"container\" data-e-type=\"container\">\n\t\t\t\t<div data-dce-title-color=\"#000000\" class=\"elementor-element elementor-element-248c06e9 elementor-widget__width-initial elementor-widget elementor-widget-heading\" data-id=\"248c06e9\" data-element_type=\"widget\" data-e-type=\"widget\" data-widget_type=\"heading.default\">\n\t\t\t\t\t<h2 class=\"elementor-heading-title elementor-size-default\">Ein kuratierter F\u00fchrer durch die kretische Seele<\/h2>\t\t\t\t<\/div>\n\t\t\t\t<div class=\"elementor-element elementor-element-5dd322e3 elementor-widget__width-initial elementor-widget elementor-widget-text-editor\" data-id=\"5dd322e3\" data-element_type=\"widget\" data-e-type=\"widget\" data-widget_type=\"text-editor.default\">\n\t\t\t\t\t\t\t\t\t<div class=\"elementor-element elementor-element-d38cd59 e-con-full e-flex e-con e-child\" data-id=\"d38cd59\" data-element_type=\"container\" data-e-type=\"container\"><div class=\"elementor-element elementor-element-0c0e6c4 elementor-widget__width-inherit elementor-widget elementor-widget-text-editor\" data-id=\"0c0e6c4\" data-element_type=\"widget\" data-e-type=\"widget\" data-widget_type=\"text-editor.default\"><p>Kreta ist eine Insel von unendlicher Sch\u00f6nheit, und Chania ist ihr strahlendes Juwel. Ob Sie nun durch die engen Gassen der Altstadt schlendern oder in den exotischen Gew\u00e4ssern der Inselk\u00fcste schwimmen, das Abenteuer Ihres Lebens wartet gleich hinter unseren T\u00fcren. <\/p><\/div><\/div><div class=\"elementor-element elementor-element-23d5588 e-grid e-con-full e-con e-child\" data-id=\"23d5588\" data-element_type=\"container\" data-e-type=\"container\"><div class=\"elementor-element elementor-element-28715a2 elementor-widget elementor-widget-heading\" data-id=\"28715a2\" data-element_type=\"widget\" data-e-type=\"widget\" data-widget_type=\"heading.default\"> <\/div><\/div>\t\t\t\t\t\t\t\t<\/div>\n\t\t\t\t<\/div>\n\t\t<div class=\"elementor-element elementor-element-6f0ffd52 e-con-full e-flex e-con e-parent\" data-id=\"6f0ffd52\" data-element_type=\"container\" data-e-type=\"container\">\n\t\t<div class=\"elementor-element elementor-element-d4850af e-grid e-con-full e-con e-child\" data-id=\"d4850af\" data-element_type=\"container\" data-e-type=\"container\">\n\t\t<a data-dce-background-overlay-color=\"#000000\" data-dce-background-image-url=\"https:\/\/chrispy.gr\/wp-content\/uploads\/2026\/03\/people-in-hike-2026-01-07-02-00-54-utc.webp\" class=\"elementor-element elementor-element-41397b40 e-con-full e-flex e-con e-child\" data-id=\"41397b40\" data-element_type=\"container\" data-e-type=\"container\" data-settings=\"{&quot;background_background&quot;:&quot;classic&quot;}\" href=\"https:\/\/chrispy.gr\/category\/activities-and-guides\/\">\n\t\t\t\t<div class=\"elementor-element elementor-element-46ff38e7 elementor-widget elementor-widget-heading\" data-id=\"46ff38e7\" data-element_type=\"widget\" data-e-type=\"widget\" data-widget_type=\"heading.default\">\n\t\t\t\t\t<h3 class=\"elementor-heading-title elementor-size-default\">Aktivit\u00e4ten &amp; Reisef\u00fchrer<\/h3>\t\t\t\t<\/div>\n\t\t\t\t<\/a>\n\t\t<a data-dce-background-overlay-color=\"#000000\" data-dce-background-image-url=\"https:\/\/chrispy.gr\/wp-content\/uploads\/2026\/03\/Family-Apartment-57.webp\" class=\"elementor-element elementor-element-705c19a e-con-full e-flex e-con e-child\" data-id=\"705c19a\" data-element_type=\"container\" data-e-type=\"container\" data-settings=\"{&quot;background_background&quot;:&quot;classic&quot;}\" href=\"https:\/\/chrispy.gr\/category\/our-hotel-collection\/\">\n\t\t\t\t<div class=\"elementor-element elementor-element-2aab3d8d elementor-widget elementor-widget-heading\" data-id=\"2aab3d8d\" data-element_type=\"widget\" data-e-type=\"widget\" data-widget_type=\"heading.default\">\n\t\t\t\t\t<h3 class=\"elementor-heading-title elementor-size-default\">Unsere Hotelkollektion<\/h3>\t\t\t\t<\/div>\n\t\t\t\t<\/a>\n\t\t<a data-dce-background-overlay-color=\"#000000\" data-dce-background-image-url=\"https:\/\/chrispy.gr\/wp-content\/uploads\/2026\/03\/crete-greece-balos-lagoon-on-crete-island-greece-2026-01-07-06-02-57-utc1.webp\" class=\"elementor-element elementor-element-740c07a e-con-full e-flex e-con e-child\" data-id=\"740c07a\" data-element_type=\"container\" data-e-type=\"container\" data-settings=\"{&quot;background_background&quot;:&quot;classic&quot;}\" href=\"https:\/\/chrispy.gr\/category\/the-exotic-coastline\/\">\n\t\t\t\t<div class=\"elementor-element elementor-element-7778d1fd elementor-widget elementor-widget-heading\" data-id=\"7778d1fd\" data-element_type=\"widget\" data-e-type=\"widget\" data-widget_type=\"heading.default\">\n\t\t\t\t\t<h3 class=\"elementor-heading-title elementor-size-default\">Die exotische K\u00fcste<\/h3>\t\t\t\t<\/div>\n\t\t\t\t<\/a>\n\t\t\t\t<\/div>\n\t\t\t\t<\/div>\n\t\t<div class=\"elementor-element elementor-element-1ce9634c e-con-full e-flex e-con e-parent\" data-id=\"1ce9634c\" data-element_type=\"container\" data-e-type=\"container\">\n\t\t\t\t<div data-dce-title-color=\"#000000\" class=\"elementor-element elementor-element-ad9bd3b elementor-widget__width-initial elementor-widget elementor-widget-heading\" data-id=\"ad9bd3b\" data-element_type=\"widget\" data-e-type=\"widget\" data-widget_type=\"heading.default\">\n\t\t\t\t\t<h2 class=\"elementor-heading-title elementor-size-default\">Neueste Geschichten<\/h2>\t\t\t\t<\/div>\n\t\t\t\t<div data-dce-background-color=\"#FFFFFF00\" class=\"elementor-element elementor-element-a6f8572 elementor-grid-3 elementor-grid-tablet-2 elementor-grid-mobile-1 elementor-widget elementor-widget-loop-grid\" data-id=\"a6f8572\" data-element_type=\"widget\" data-e-type=\"widget\" data-settings=\"{&quot;template_id&quot;:2818,&quot;pagination_type&quot;:&quot;load_more_on_click&quot;,&quot;_skin&quot;:&quot;post&quot;,&quot;columns&quot;:&quot;3&quot;,&quot;columns_tablet&quot;:&quot;2&quot;,&quot;columns_mobile&quot;:&quot;1&quot;,&quot;edit_handle_selector&quot;:&quot;[data-elementor-type=\\&quot;loop-item\\&quot;]&quot;,&quot;load_more_spinner&quot;:{&quot;value&quot;:&quot;fas fa-spinner&quot;,&quot;library&quot;:&quot;fa-solid&quot;},&quot;row_gap&quot;:{&quot;unit&quot;:&quot;px&quot;,&quot;size&quot;:&quot;&quot;,&quot;sizes&quot;:[]},&quot;row_gap_laptop&quot;:{&quot;unit&quot;:&quot;px&quot;,&quot;size&quot;:&quot;&quot;,&quot;sizes&quot;:[]},&quot;row_gap_tablet&quot;:{&quot;unit&quot;:&quot;px&quot;,&quot;size&quot;:&quot;&quot;,&quot;sizes&quot;:[]},&quot;row_gap_mobile&quot;:{&quot;unit&quot;:&quot;px&quot;,&quot;size&quot;:&quot;&quot;,&quot;sizes&quot;:[]}}\" data-widget_type=\"loop-grid.post\">\n\t\t\t\t<div class=\"elementor-widget-container\">\n\t\t\t\t\t\t\t<div class=\"e-loop-nothing-found-message\">\n\t\t<\/div>\n\t\t\t\t\t\t<\/div>\n\t\t\t\t<\/div>\n\t\t\t\t<\/div>\n\t\t\t\t<\/div>\n\t\t","protected":false},"excerpt":{"rendered":"<p>Ein kuratierter F\u00fchrer durch die kretische Seele Kreta ist eine Insel von unendlicher Sch\u00f6nheit, und Chania ist ihr strahlendes Juwel. Ob Sie nun durch die engen Gassen der Altstadt schlendern oder in den exotischen Gew\u00e4ssern der Inselk\u00fcste schwimmen, das Abenteuer Ihres Lebens wartet gleich hinter unseren T\u00fcren. Aktivit\u00e4ten &amp; Reisef\u00fchrer Unsere Hotelkollektion Die exotische K\u00fcste [&hellip;]<\/p>\n","protected":false},"author":4,"featured_media":2779,"parent":0,"menu_order":0,"comment_status":"closed","ping_status":"closed","template":"","meta":{"_acf_changed":false,"footnotes":""},"class_list":["post-2992","page","type-page","status-publish","has-post-thumbnail","hentry"],"acf":[],"yoast_head":"<!-- This site is optimized with the Yoast SEO plugin v27.3 - https:\/\/yoast.com\/product\/yoast-seo-wordpress\/ -->\n<title>Blog &#8226; Chrispy Hotels<\/title>\n<meta name=\"robots\" content=\"index, follow, max-snippet:-1, max-image-preview:large, max-video-preview:-1\" \/>\n<link rel=\"canonical\" href=\"https:\/\/chrispy.gr\/de\/blog\/\" \/>\n<meta property=\"og:locale\" content=\"de_DE\" \/>\n<meta property=\"og:type\" content=\"article\" \/>\n<meta property=\"og:title\" content=\"Blog &#8226; Chrispy Hotels\" \/>\n<meta property=\"og:description\" content=\"Ein kuratierter F\u00fchrer durch die kretische Seele Kreta ist eine Insel von unendlicher Sch\u00f6nheit, und Chania ist ihr strahlendes Juwel. Ob Sie nun durch die engen Gassen der Altstadt schlendern oder in den exotischen Gew\u00e4ssern der Inselk\u00fcste schwimmen, das Abenteuer Ihres Lebens wartet gleich hinter unseren T\u00fcren. Aktivit\u00e4ten &amp; Reisef\u00fchrer Unsere Hotelkollektion Die exotische K\u00fcste [&hellip;]\" \/>\n<meta property=\"og:url\" content=\"https:\/\/chrispy.gr\/de\/blog\/\" \/>\n<meta property=\"og:site_name\" content=\"Chrispy Hotels\" \/>\n<meta property=\"article:modified_time\" content=\"2026-04-08T09:58:39+00:00\" \/>\n<meta property=\"og:image\" content=\"https:\/\/chrispy.gr\/wp-content\/uploads\/2026\/03\/amazing-drone-view-of-balos-lagoon-and-white-sandy.webp\" \/>\n\t<meta property=\"og:image:width\" content=\"1920\" \/>\n\t<meta property=\"og:image:height\" content=\"898\" \/>\n\t<meta property=\"og:image:type\" content=\"image\/webp\" \/>\n<meta name=\"twitter:card\" content=\"summary_large_image\" \/>\n<script type=\"application\/ld+json\" class=\"yoast-schema-graph\">{\"@context\":\"https:\\\/\\\/schema.org\",\"@graph\":[{\"@type\":\"WebPage\",\"@id\":\"https:\\\/\\\/chrispy.gr\\\/de\\\/blog\\\/\",\"url\":\"https:\\\/\\\/chrispy.gr\\\/de\\\/blog\\\/\",\"name\":\"Blog &#8226; Chrispy Hotels\",\"isPartOf\":{\"@id\":\"https:\\\/\\\/chrispy.gr\\\/de\\\/#website\"},\"primaryImageOfPage\":{\"@id\":\"https:\\\/\\\/chrispy.gr\\\/de\\\/blog\\\/#primaryimage\"},\"image\":{\"@id\":\"https:\\\/\\\/chrispy.gr\\\/de\\\/blog\\\/#primaryimage\"},\"thumbnailUrl\":\"https:\\\/\\\/chrispy.gr\\\/wp-content\\\/uploads\\\/2026\\\/03\\\/amazing-drone-view-of-balos-lagoon-and-white-sandy.webp\",\"datePublished\":\"2026-03-11T13:29:54+00:00\",\"dateModified\":\"2026-04-08T09:58:39+00:00\",\"breadcrumb\":{\"@id\":\"https:\\\/\\\/chrispy.gr\\\/de\\\/blog\\\/#breadcrumb\"},\"inLanguage\":\"de\",\"potentialAction\":[{\"@type\":\"ReadAction\",\"target\":[\"https:\\\/\\\/chrispy.gr\\\/de\\\/blog\\\/\"]}]},{\"@type\":\"ImageObject\",\"inLanguage\":\"de\",\"@id\":\"https:\\\/\\\/chrispy.gr\\\/de\\\/blog\\\/#primaryimage\",\"url\":\"https:\\\/\\\/chrispy.gr\\\/wp-content\\\/uploads\\\/2026\\\/03\\\/amazing-drone-view-of-balos-lagoon-and-white-sandy.webp\",\"contentUrl\":\"https:\\\/\\\/chrispy.gr\\\/wp-content\\\/uploads\\\/2026\\\/03\\\/amazing-drone-view-of-balos-lagoon-and-white-sandy.webp\",\"width\":1920,\"height\":898},{\"@type\":\"BreadcrumbList\",\"@id\":\"https:\\\/\\\/chrispy.gr\\\/de\\\/blog\\\/#breadcrumb\",\"itemListElement\":[{\"@type\":\"ListItem\",\"position\":1,\"name\":\"Home\",\"item\":\"https:\\\/\\\/chrispy.gr\\\/de\\\/startseite\\\/\"},{\"@type\":\"ListItem\",\"position\":2,\"name\":\"Blog\"}]},{\"@type\":\"WebSite\",\"@id\":\"https:\\\/\\\/chrispy.gr\\\/de\\\/#website\",\"url\":\"https:\\\/\\\/chrispy.gr\\\/de\\\/\",\"name\":\"Chrispy Hotels\",\"description\":\"\u0391 Collection of Hotels in Chania, Crete, Greece\",\"publisher\":{\"@id\":\"https:\\\/\\\/chrispy.gr\\\/de\\\/#organization\"},\"potentialAction\":[{\"@type\":\"SearchAction\",\"target\":{\"@type\":\"EntryPoint\",\"urlTemplate\":\"https:\\\/\\\/chrispy.gr\\\/de\\\/?s={search_term_string}\"},\"query-input\":{\"@type\":\"PropertyValueSpecification\",\"valueRequired\":true,\"valueName\":\"search_term_string\"}}],\"inLanguage\":\"de\"},{\"@type\":\"Organization\",\"@id\":\"https:\\\/\\\/chrispy.gr\\\/de\\\/#organization\",\"name\":\"Chrispy Hotels\",\"url\":\"https:\\\/\\\/chrispy.gr\\\/de\\\/\",\"logo\":{\"@type\":\"ImageObject\",\"inLanguage\":\"de\",\"@id\":\"https:\\\/\\\/chrispy.gr\\\/de\\\/#\\\/schema\\\/logo\\\/image\\\/\",\"url\":\"https:\\\/\\\/chrispy.gr\\\/wp-content\\\/uploads\\\/2025\\\/06\\\/chrispy-hotels-logo-2.svg\",\"contentUrl\":\"https:\\\/\\\/chrispy.gr\\\/wp-content\\\/uploads\\\/2025\\\/06\\\/chrispy-hotels-logo-2.svg\",\"width\":1228,\"height\":1354,\"caption\":\"Chrispy Hotels\"},\"image\":{\"@id\":\"https:\\\/\\\/chrispy.gr\\\/de\\\/#\\\/schema\\\/logo\\\/image\\\/\"}}]}<\/script>\n<!-- \/ Yoast SEO plugin. -->","yoast_head_json":{"title":"Blog &#8226; Chrispy Hotels","robots":{"index":"index","follow":"follow","max-snippet":"max-snippet:-1","max-image-preview":"max-image-preview:large","max-video-preview":"max-video-preview:-1"},"canonical":"https:\/\/chrispy.gr\/de\/blog\/","og_locale":"de_DE","og_type":"article","og_title":"Blog &#8226; Chrispy Hotels","og_description":"Ein kuratierter F\u00fchrer durch die kretische Seele Kreta ist eine Insel von unendlicher Sch\u00f6nheit, und Chania ist ihr strahlendes Juwel. Ob Sie nun durch die engen Gassen der Altstadt schlendern oder in den exotischen Gew\u00e4ssern der Inselk\u00fcste schwimmen, das Abenteuer Ihres Lebens wartet gleich hinter unseren T\u00fcren. Aktivit\u00e4ten &amp; Reisef\u00fchrer Unsere Hotelkollektion Die exotische K\u00fcste [&hellip;]","og_url":"https:\/\/chrispy.gr\/de\/blog\/","og_site_name":"Chrispy Hotels","article_modified_time":"2026-04-08T09:58:39+00:00","og_image":[{"width":1920,"height":898,"url":"https:\/\/chrispy.gr\/wp-content\/uploads\/2026\/03\/amazing-drone-view-of-balos-lagoon-and-white-sandy.webp","type":"image\/webp"}],"twitter_card":"summary_large_image","schema":{"@context":"https:\/\/schema.org","@graph":[{"@type":"WebPage","@id":"https:\/\/chrispy.gr\/de\/blog\/","url":"https:\/\/chrispy.gr\/de\/blog\/","name":"Blog &#8226; Chrispy Hotels","isPartOf":{"@id":"https:\/\/chrispy.gr\/de\/#website"},"primaryImageOfPage":{"@id":"https:\/\/chrispy.gr\/de\/blog\/#primaryimage"},"image":{"@id":"https:\/\/chrispy.gr\/de\/blog\/#primaryimage"},"thumbnailUrl":"https:\/\/chrispy.gr\/wp-content\/uploads\/2026\/03\/amazing-drone-view-of-balos-lagoon-and-white-sandy.webp","datePublished":"2026-03-11T13:29:54+00:00","dateModified":"2026-04-08T09:58:39+00:00","breadcrumb":{"@id":"https:\/\/chrispy.gr\/de\/blog\/#breadcrumb"},"inLanguage":"de","potentialAction":[{"@type":"ReadAction","target":["https:\/\/chrispy.gr\/de\/blog\/"]}]},{"@type":"ImageObject","inLanguage":"de","@id":"https:\/\/chrispy.gr\/de\/blog\/#primaryimage","url":"https:\/\/chrispy.gr\/wp-content\/uploads\/2026\/03\/amazing-drone-view-of-balos-lagoon-and-white-sandy.webp","contentUrl":"https:\/\/chrispy.gr\/wp-content\/uploads\/2026\/03\/amazing-drone-view-of-balos-lagoon-and-white-sandy.webp","width":1920,"height":898},{"@type":"BreadcrumbList","@id":"https:\/\/chrispy.gr\/de\/blog\/#breadcrumb","itemListElement":[{"@type":"ListItem","position":1,"name":"Home","item":"https:\/\/chrispy.gr\/de\/startseite\/"},{"@type":"ListItem","position":2,"name":"Blog"}]},{"@type":"WebSite","@id":"https:\/\/chrispy.gr\/de\/#website","url":"https:\/\/chrispy.gr\/de\/","name":"Chrispy Hotels","description":"\u0391 Collection of Hotels in Chania, Crete, Greece","publisher":{"@id":"https:\/\/chrispy.gr\/de\/#organization"},"potentialAction":[{"@type":"SearchAction","target":{"@type":"EntryPoint","urlTemplate":"https:\/\/chrispy.gr\/de\/?s={search_term_string}"},"query-input":{"@type":"PropertyValueSpecification","valueRequired":true,"valueName":"search_term_string"}}],"inLanguage":"de"},{"@type":"Organization","@id":"https:\/\/chrispy.gr\/de\/#organization","name":"Chrispy Hotels","url":"https:\/\/chrispy.gr\/de\/","logo":{"@type":"ImageObject","inLanguage":"de","@id":"https:\/\/chrispy.gr\/de\/#\/schema\/logo\/image\/","url":"https:\/\/chrispy.gr\/wp-content\/uploads\/2025\/06\/chrispy-hotels-logo-2.svg","contentUrl":"https:\/\/chrispy.gr\/wp-content\/uploads\/2025\/06\/chrispy-hotels-logo-2.svg","width":1228,"height":1354,"caption":"Chrispy Hotels"},"image":{"@id":"https:\/\/chrispy.gr\/de\/#\/schema\/logo\/image\/"}}]}},"_links":{"self":[{"href":"https:\/\/chrispy.gr\/de\/wp-json\/wp\/v2\/pages\/2992","targetHints":{"allow":["GET"]}}],"collection":[{"href":"https:\/\/chrispy.gr\/de\/wp-json\/wp\/v2\/pages"}],"about":[{"href":"https:\/\/chrispy.gr\/de\/wp-json\/wp\/v2\/types\/page"}],"author":[{"embeddable":true,"href":"https:\/\/chrispy.gr\/de\/wp-json\/wp\/v2\/users\/4"}],"replies":[{"embeddable":true,"href":"https:\/\/chrispy.gr\/de\/wp-json\/wp\/v2\/comments?post=2992"}],"version-history":[{"count":0,"href":"https:\/\/chrispy.gr\/de\/wp-json\/wp\/v2\/pages\/2992\/revisions"}],"wp:featuredmedia":[{"embeddable":true,"href":"https:\/\/chrispy.gr\/de\/wp-json\/wp\/v2\/media\/2779"}],"wp:attachment":[{"href":"https:\/\/chrispy.gr\/de\/wp-json\/wp\/v2\/media?parent=2992"}],"curies":[{"name":"wp","href":"https:\/\/api.w.org\/{rel}","templated":true}]}}