{"id":2896,"date":"2026-03-11T15:29:12","date_gmt":"2026-03-11T13:29:12","guid":{"rendered":"https:\/\/chrispy.gr\/unsere-geschichte\/"},"modified":"2026-04-08T12:58:36","modified_gmt":"2026-04-08T09:58:36","slug":"unsere-geschichte","status":"publish","type":"page","link":"https:\/\/chrispy.gr\/de\/unsere-geschichte\/","title":{"rendered":"Unsere Geschichte"},"content":{"rendered":"\t\t<div data-elementor-type=\"wp-page\" data-elementor-id=\"2896\" class=\"elementor elementor-2896 elementor-155\" data-elementor-post-type=\"page\">\n\t\t\t\t<div data-dce-background-image-url=\"https:\/\/chrispy.gr\/wp-content\/uploads\/2026\/03\/Chania-City-Living-Rooms-7.webp\" class=\"elementor-element elementor-element-cfa5b4f e-con-full e-flex e-con e-parent\" data-id=\"cfa5b4f\" data-element_type=\"container\" data-e-type=\"container\" data-settings=\"{&quot;background_background&quot;:&quot;classic&quot;}\">\n\t\t\t\t<\/div>\n\t\t<div class=\"elementor-element elementor-element-ba288d3 e-con-full e-flex e-con e-parent\" data-id=\"ba288d3\" data-element_type=\"container\" data-e-type=\"container\">\n\t\t\t\t<div data-dce-title-color=\"#000000\" class=\"elementor-element elementor-element-6b0c202 elementor-widget__width-initial elementor-widget-tablet__width-inherit elementor-widget-mobile__width-inherit elementor-widget elementor-widget-heading\" data-id=\"6b0c202\" data-element_type=\"widget\" data-e-type=\"widget\" data-widget_type=\"heading.default\">\n\t\t\t\t\t<h2 class=\"elementor-heading-title elementor-size-default\">Unsere Geschichte: Ein Familienerbe der Gastfreundschaft<\/h2>\t\t\t\t<\/div>\n\t\t<div class=\"elementor-element elementor-element-428cece e-con-full e-flex e-con e-child\" data-id=\"428cece\" data-element_type=\"container\" data-e-type=\"container\">\n\t\t\t\t<div class=\"elementor-element elementor-element-be6281c elementor-widget elementor-widget-text-editor\" data-id=\"be6281c\" data-element_type=\"widget\" data-e-type=\"widget\" data-widget_type=\"text-editor.default\">\n\t\t\t\t\t\t\t\t\t<p>Bei<strong> Chrispy Hotels<\/strong> ist Gastfreundschaft mehr als nur ein Service &#8211; es ist eine Familiengeschichte, die sich seit \u00fcber drei Jahrzehnten in der wundersch\u00f6nen Region Chania entfaltet. Auf den S\u00e4ulen der kretischen Authentizit\u00e4t und der pers\u00f6nlichen Betreuung aufbauend, haben wir ein vielf\u00e4ltiges Portfolio an Reisezielen geschaffen, das f\u00fcr jede Art von Reisenden geeignet ist. <\/p>\t\t\t\t\t\t\t\t<\/div>\n\t\t\t\t<\/div>\n\t\t\t\t<\/div>\n\t\t<div class=\"elementor-element elementor-element-754f33d e-con-full e-flex e-con e-parent\" data-id=\"754f33d\" data-element_type=\"container\" data-e-type=\"container\">\n\t\t\t\t<div data-dce-title-color=\"#000000\" class=\"elementor-element elementor-element-912696f elementor-widget__width-initial elementor-widget-tablet__width-inherit elementor-widget-mobile__width-inherit elementor-widget elementor-widget-heading\" data-id=\"912696f\" data-element_type=\"widget\" data-e-type=\"widget\" data-widget_type=\"heading.default\">\n\t\t\t\t\t<h2 class=\"elementor-heading-title elementor-size-default\">Der Anfang &amp; <br>Die Entwicklung (Kolymbari)<\/h2>\t\t\t\t<\/div>\n\t\t<div class=\"elementor-element elementor-element-8805f0e e-con-full e-flex e-con e-child\" data-id=\"8805f0e\" data-element_type=\"container\" data-e-type=\"container\">\n\t\t\t\t<div class=\"elementor-element elementor-element-f5a9e20 elementor-widget elementor-widget-text-editor\" data-id=\"f5a9e20\" data-element_type=\"widget\" data-e-type=\"widget\" data-widget_type=\"text-editor.default\">\n\t\t\t\t\t\t\t\t\t<p>Unsere Reise begann im Jahr <strong>1990<\/strong>, als wir den Grundstein f\u00fcr unseren ersten Traum legten. Das<strong> Chrispy Hotel<\/strong> \u00f6ffnete seine T\u00fcren mit 81 Zimmern im malerischen Dorf Kolymbari und hie\u00df unsere ersten G\u00e4ste herzlich willkommen.<br>Mit unserer Leidenschaft wuchs auch unsere Einrichtung:<\/p><p><br><strong>&#8211; 2000 &amp; 2017:<\/strong> Es fanden zwei gro\u00dfe Erweiterungen statt, die unsere Infrastruktur modernisierten und unsere Kapazit\u00e4t erh\u00f6hten.<br>&#8211; <strong>2019:<\/strong> Ein Meilensteinjahr, in dem wir unseren modernen <strong>Wasserpark<\/strong> einf\u00fchrten. Diese Erweiterung verwandelte das Anwesen in das <strong>Chrispy Waterpark Resort<\/strong>, das ultimative Familienziel, in dem Spa\u00df und Komfort perfekt miteinander harmonieren. <\/p>\t\t\t\t\t\t\t\t<\/div>\n\t\t\t\t<\/div>\n\t\t\t\t<\/div>\n\t\t<div class=\"elementor-element elementor-element-bab2f13 e-con-full e-flex e-con e-parent\" data-id=\"bab2f13\" data-element_type=\"container\" data-e-type=\"container\">\n\t\t\t\t<div data-dce-title-color=\"#000000\" class=\"elementor-element elementor-element-afe0668 elementor-widget__width-initial elementor-widget-tablet__width-inherit elementor-widget-mobile__width-inherit elementor-widget elementor-widget-heading\" data-id=\"afe0668\" data-element_type=\"widget\" data-e-type=\"widget\" data-widget_type=\"heading.default\">\n\t\t\t\t\t<h2 class=\"elementor-heading-title elementor-size-default\">Eleganz am Meer <br>(Agia Marina)<\/h2>\t\t\t\t<\/div>\n\t\t<div class=\"elementor-element elementor-element-9e13792 e-con-full e-flex e-con e-child\" data-id=\"9e13792\" data-element_type=\"container\" data-e-type=\"container\">\n\t\t\t\t<div class=\"elementor-element elementor-element-85479ed elementor-widget elementor-widget-text-editor\" data-id=\"85479ed\" data-element_type=\"widget\" data-e-type=\"widget\" data-widget_type=\"text-editor.default\">\n\t\t\t\t\t\t\t\t\t<p>Im Jahr <strong>2024<\/strong> vergr\u00f6\u00dferte sich die Chrispy-Familie mit dem Erwerb des <strong>Chrispy Beach<\/strong> in der kosmopolitischen Gegend von Agia Marina weiter. Dieser Schritt erm\u00f6glichte es uns, ein wahres &#8222;F\u00fc\u00dfe-in-den-Sand&#8220;-Erlebnis anzubieten. Direkt am goldenen Strand gelegen, verbindet Chrispy Beach den m\u00fchelosen Zugang zum Strand mit dem pulsierenden Lebensstil von Agia Marina und ist damit ideal f\u00fcr alle, die den Inbegriff des mediterranen Sommers suchen.  <\/p>\t\t\t\t\t\t\t\t<\/div>\n\t\t\t\t<\/div>\n\t\t\t\t<\/div>\n\t\t<div class=\"elementor-element elementor-element-ce21f75 e-con-full e-flex e-con e-parent\" data-id=\"ce21f75\" data-element_type=\"container\" data-e-type=\"container\">\n\t\t\t\t<div data-dce-title-color=\"#000000\" class=\"elementor-element elementor-element-9971529 elementor-widget__width-initial elementor-widget-tablet__width-inherit elementor-widget-mobile__width-inherit elementor-widget elementor-widget-heading\" data-id=\"9971529\" data-element_type=\"widget\" data-e-type=\"widget\" data-widget_type=\"heading.default\">\n\t\t\t\t\t<h2 class=\"elementor-heading-title elementor-size-default\">Urbaner Charme: Chrispy City Living (Chania-Stadt)<\/h2>\t\t\t\t<\/div>\n\t\t<div class=\"elementor-element elementor-element-1b79b4d e-con-full e-flex e-con e-child\" data-id=\"1b79b4d\" data-element_type=\"container\" data-e-type=\"container\">\n\t\t\t\t<div class=\"elementor-element elementor-element-9422dc6 elementor-widget elementor-widget-text-editor\" data-id=\"9422dc6\" data-element_type=\"widget\" data-e-type=\"widget\" data-widget_type=\"text-editor.default\">\n\t\t\t\t\t\t\t\t\t<p>Das Jahr <strong>2026<\/strong> markiert ein bedeutendes neues Kapitel. Wir haben das historische Hotel Nefeli, eines der \u00e4ltesten und ikonischsten Wahrzeichen der Stadt Chania, erworben und es zu <strong>Chrispy City Living<\/strong> umgestaltet.<br>Indem wir dieses urbane Juwel in unsere Familie aufgenommen haben, haben wir die L\u00fccke zwischen dem Leben im Resort und der Erkundung der Stadt geschlossen. <strong>Chrispy City Living<\/strong> verk\u00f6rpert unsere Vision von zeitgem\u00e4\u00dfer urbaner Gastfreundschaft mitten im Herzen der Stadt.<br>Heute bietet das Chrispy-Portfolio ein komplettes Kreta-Erlebnis: von den ruhigen Str\u00e4nden von <strong>Kolymbari<\/strong> und der Energie am Meer von <strong>Agia Marina<\/strong> bis hin zum kultivierten urbanen Puls von <strong>Chania<\/strong>. <\/p>\t\t\t\t\t\t\t\t<\/div>\n\t\t\t\t<\/div>\n\t\t\t\t<\/div>\n\t\t<div class=\"elementor-element elementor-element-61af391 e-con-full e-flex e-con e-parent\" data-id=\"61af391\" data-element_type=\"container\" data-e-type=\"container\">\n\t\t\t\t<div data-dce-title-color=\"#000000\" class=\"elementor-element elementor-element-b8212fd elementor-widget__width-initial elementor-widget-tablet__width-inherit elementor-widget-mobile__width-inherit elementor-widget elementor-widget-heading\" data-id=\"b8212fd\" data-element_type=\"widget\" data-e-type=\"widget\" data-widget_type=\"heading.default\">\n\t\t\t\t\t<h2 class=\"elementor-heading-title elementor-size-default\">Unsere Vision<\/h2>\t\t\t\t<\/div>\n\t\t<div class=\"elementor-element elementor-element-a58200b e-con-full e-flex e-con e-child\" data-id=\"a58200b\" data-element_type=\"container\" data-e-type=\"container\">\n\t\t\t\t<div class=\"elementor-element elementor-element-5d8a086 elementor-widget elementor-widget-text-editor\" data-id=\"5d8a086\" data-element_type=\"widget\" data-e-type=\"widget\" data-widget_type=\"text-editor.default\">\n\t\t\t\t\t\t\t\t\t<p>Seit 1990 ist unser Ziel unver\u00e4ndert geblieben: Sie sollen sich wie ein Teil unserer Familie f\u00fchlen. Wir laden Sie ein, Kreta mit unseren Augen zu entdecken, ganz gleich, welches Chrispy-Reiseziel Sie als Ihr Zuhause w\u00e4hlen.   <\/p>\t\t\t\t\t\t\t\t<\/div>\n\t\t\t\t<div data-dce-background-color=\"#A57C00\" class=\"elementor-element elementor-element-265d22c elementor-hidden-mobile elementor-widget elementor-widget-button\" data-id=\"265d22c\" data-element_type=\"widget\" data-e-type=\"widget\" data-widget_type=\"button.default\">\n\t\t\t\t\t\t\t\t\t\t<a class=\"elementor-button elementor-button-link elementor-size-sm\" href=\"https:\/\/chrispyhotels.reserve-online.net\/\" target=\"_blank\">\n\t\t\t\t\t\t<span class=\"elementor-button-content-wrapper\">\n\t\t\t\t\t\t\t\t\t<span class=\"elementor-button-text\">JETZT BUCHEN<\/span>\n\t\t\t\t\t<\/span>\n\t\t\t\t\t<\/a>\n\t\t\t\t\t\t\t\t<\/div>\n\t\t\t\t<\/div>\n\t\t\t\t<\/div>\n\t\t\t\t<\/div>\n\t\t","protected":false},"excerpt":{"rendered":"<p>Unsere Geschichte: Ein Familienerbe der Gastfreundschaft Bei Chrispy Hotels ist Gastfreundschaft mehr als nur ein Service &#8211; es ist eine Familiengeschichte, die sich seit \u00fcber drei Jahrzehnten in der wundersch\u00f6nen Region Chania entfaltet. Auf den S\u00e4ulen der kretischen Authentizit\u00e4t und der pers\u00f6nlichen Betreuung aufbauend, haben wir ein vielf\u00e4ltiges Portfolio an Reisezielen geschaffen, das f\u00fcr jede [&hellip;]<\/p>\n","protected":false},"author":4,"featured_media":2898,"parent":0,"menu_order":0,"comment_status":"closed","ping_status":"closed","template":"","meta":{"_acf_changed":false,"footnotes":""},"class_list":["post-2896","page","type-page","status-publish","has-post-thumbnail","hentry"],"acf":[],"yoast_head":"<!-- This site is optimized with the Yoast SEO plugin v27.3 - https:\/\/yoast.com\/product\/yoast-seo-wordpress\/ -->\n<title>Unsere Geschichte &#8226; Chrispy Hotels<\/title>\n<meta name=\"robots\" content=\"index, follow, max-snippet:-1, max-image-preview:large, max-video-preview:-1\" \/>\n<link rel=\"canonical\" href=\"https:\/\/chrispy.gr\/de\/unsere-geschichte\/\" \/>\n<meta property=\"og:locale\" content=\"de_DE\" \/>\n<meta property=\"og:type\" content=\"article\" \/>\n<meta property=\"og:title\" content=\"Unsere Geschichte &#8226; Chrispy Hotels\" \/>\n<meta property=\"og:description\" content=\"Unsere Geschichte: Ein Familienerbe der Gastfreundschaft Bei Chrispy Hotels ist Gastfreundschaft mehr als nur ein Service &#8211; es ist eine Familiengeschichte, die sich seit \u00fcber drei Jahrzehnten in der wundersch\u00f6nen Region Chania entfaltet. Auf den S\u00e4ulen der kretischen Authentizit\u00e4t und der pers\u00f6nlichen Betreuung aufbauend, haben wir ein vielf\u00e4ltiges Portfolio an Reisezielen geschaffen, das f\u00fcr jede [&hellip;]\" \/>\n<meta property=\"og:url\" content=\"https:\/\/chrispy.gr\/de\/unsere-geschichte\/\" \/>\n<meta property=\"og:site_name\" content=\"Chrispy Hotels\" \/>\n<meta property=\"article:modified_time\" content=\"2026-04-08T09:58:36+00:00\" \/>\n<meta property=\"og:image\" content=\"https:\/\/chrispy.gr\/wp-content\/uploads\/2026\/03\/Chania-City-Living-Rooms-7.webp\" \/>\n\t<meta property=\"og:image:width\" content=\"1920\" \/>\n\t<meta property=\"og:image:height\" content=\"1382\" \/>\n\t<meta property=\"og:image:type\" content=\"image\/webp\" \/>\n<meta name=\"twitter:card\" content=\"summary_large_image\" \/>\n<meta name=\"twitter:label1\" content=\"Gesch\u00e4tzte Lesezeit\" \/>\n\t<meta name=\"twitter:data1\" content=\"2\u00a0Minuten\" \/>\n<script type=\"application\/ld+json\" class=\"yoast-schema-graph\">{\"@context\":\"https:\\\/\\\/schema.org\",\"@graph\":[{\"@type\":\"WebPage\",\"@id\":\"https:\\\/\\\/chrispy.gr\\\/de\\\/unsere-geschichte\\\/\",\"url\":\"https:\\\/\\\/chrispy.gr\\\/de\\\/unsere-geschichte\\\/\",\"name\":\"Unsere Geschichte &#8226; Chrispy Hotels\",\"isPartOf\":{\"@id\":\"https:\\\/\\\/chrispy.gr\\\/de\\\/#website\"},\"primaryImageOfPage\":{\"@id\":\"https:\\\/\\\/chrispy.gr\\\/de\\\/unsere-geschichte\\\/#primaryimage\"},\"image\":{\"@id\":\"https:\\\/\\\/chrispy.gr\\\/de\\\/unsere-geschichte\\\/#primaryimage\"},\"thumbnailUrl\":\"https:\\\/\\\/chrispy.gr\\\/wp-content\\\/uploads\\\/2026\\\/03\\\/Chania-City-Living-Rooms-7.webp\",\"datePublished\":\"2026-03-11T13:29:12+00:00\",\"dateModified\":\"2026-04-08T09:58:36+00:00\",\"breadcrumb\":{\"@id\":\"https:\\\/\\\/chrispy.gr\\\/de\\\/unsere-geschichte\\\/#breadcrumb\"},\"inLanguage\":\"de\",\"potentialAction\":[{\"@type\":\"ReadAction\",\"target\":[\"https:\\\/\\\/chrispy.gr\\\/de\\\/unsere-geschichte\\\/\"]}]},{\"@type\":\"ImageObject\",\"inLanguage\":\"de\",\"@id\":\"https:\\\/\\\/chrispy.gr\\\/de\\\/unsere-geschichte\\\/#primaryimage\",\"url\":\"https:\\\/\\\/chrispy.gr\\\/wp-content\\\/uploads\\\/2026\\\/03\\\/Chania-City-Living-Rooms-7.webp\",\"contentUrl\":\"https:\\\/\\\/chrispy.gr\\\/wp-content\\\/uploads\\\/2026\\\/03\\\/Chania-City-Living-Rooms-7.webp\",\"width\":1920,\"height\":1382},{\"@type\":\"BreadcrumbList\",\"@id\":\"https:\\\/\\\/chrispy.gr\\\/de\\\/unsere-geschichte\\\/#breadcrumb\",\"itemListElement\":[{\"@type\":\"ListItem\",\"position\":1,\"name\":\"Home\",\"item\":\"https:\\\/\\\/chrispy.gr\\\/de\\\/startseite\\\/\"},{\"@type\":\"ListItem\",\"position\":2,\"name\":\"Unsere Geschichte\"}]},{\"@type\":\"WebSite\",\"@id\":\"https:\\\/\\\/chrispy.gr\\\/de\\\/#website\",\"url\":\"https:\\\/\\\/chrispy.gr\\\/de\\\/\",\"name\":\"Chrispy Hotels\",\"description\":\"\u0391 Collection of Hotels in Chania, Crete, Greece\",\"publisher\":{\"@id\":\"https:\\\/\\\/chrispy.gr\\\/de\\\/#organization\"},\"potentialAction\":[{\"@type\":\"SearchAction\",\"target\":{\"@type\":\"EntryPoint\",\"urlTemplate\":\"https:\\\/\\\/chrispy.gr\\\/de\\\/?s={search_term_string}\"},\"query-input\":{\"@type\":\"PropertyValueSpecification\",\"valueRequired\":true,\"valueName\":\"search_term_string\"}}],\"inLanguage\":\"de\"},{\"@type\":\"Organization\",\"@id\":\"https:\\\/\\\/chrispy.gr\\\/de\\\/#organization\",\"name\":\"Chrispy Hotels\",\"url\":\"https:\\\/\\\/chrispy.gr\\\/de\\\/\",\"logo\":{\"@type\":\"ImageObject\",\"inLanguage\":\"de\",\"@id\":\"https:\\\/\\\/chrispy.gr\\\/de\\\/#\\\/schema\\\/logo\\\/image\\\/\",\"url\":\"https:\\\/\\\/chrispy.gr\\\/wp-content\\\/uploads\\\/2025\\\/06\\\/chrispy-hotels-logo-2.svg\",\"contentUrl\":\"https:\\\/\\\/chrispy.gr\\\/wp-content\\\/uploads\\\/2025\\\/06\\\/chrispy-hotels-logo-2.svg\",\"width\":1228,\"height\":1354,\"caption\":\"Chrispy Hotels\"},\"image\":{\"@id\":\"https:\\\/\\\/chrispy.gr\\\/de\\\/#\\\/schema\\\/logo\\\/image\\\/\"}}]}<\/script>\n<!-- \/ Yoast SEO plugin. -->","yoast_head_json":{"title":"Unsere Geschichte &#8226; Chrispy Hotels","robots":{"index":"index","follow":"follow","max-snippet":"max-snippet:-1","max-image-preview":"max-image-preview:large","max-video-preview":"max-video-preview:-1"},"canonical":"https:\/\/chrispy.gr\/de\/unsere-geschichte\/","og_locale":"de_DE","og_type":"article","og_title":"Unsere Geschichte &#8226; Chrispy Hotels","og_description":"Unsere Geschichte: Ein Familienerbe der Gastfreundschaft Bei Chrispy Hotels ist Gastfreundschaft mehr als nur ein Service &#8211; es ist eine Familiengeschichte, die sich seit \u00fcber drei Jahrzehnten in der wundersch\u00f6nen Region Chania entfaltet. Auf den S\u00e4ulen der kretischen Authentizit\u00e4t und der pers\u00f6nlichen Betreuung aufbauend, haben wir ein vielf\u00e4ltiges Portfolio an Reisezielen geschaffen, das f\u00fcr jede [&hellip;]","og_url":"https:\/\/chrispy.gr\/de\/unsere-geschichte\/","og_site_name":"Chrispy Hotels","article_modified_time":"2026-04-08T09:58:36+00:00","og_image":[{"width":1920,"height":1382,"url":"https:\/\/chrispy.gr\/wp-content\/uploads\/2026\/03\/Chania-City-Living-Rooms-7.webp","type":"image\/webp"}],"twitter_card":"summary_large_image","twitter_misc":{"Gesch\u00e4tzte Lesezeit":"2\u00a0Minuten"},"schema":{"@context":"https:\/\/schema.org","@graph":[{"@type":"WebPage","@id":"https:\/\/chrispy.gr\/de\/unsere-geschichte\/","url":"https:\/\/chrispy.gr\/de\/unsere-geschichte\/","name":"Unsere Geschichte &#8226; Chrispy Hotels","isPartOf":{"@id":"https:\/\/chrispy.gr\/de\/#website"},"primaryImageOfPage":{"@id":"https:\/\/chrispy.gr\/de\/unsere-geschichte\/#primaryimage"},"image":{"@id":"https:\/\/chrispy.gr\/de\/unsere-geschichte\/#primaryimage"},"thumbnailUrl":"https:\/\/chrispy.gr\/wp-content\/uploads\/2026\/03\/Chania-City-Living-Rooms-7.webp","datePublished":"2026-03-11T13:29:12+00:00","dateModified":"2026-04-08T09:58:36+00:00","breadcrumb":{"@id":"https:\/\/chrispy.gr\/de\/unsere-geschichte\/#breadcrumb"},"inLanguage":"de","potentialAction":[{"@type":"ReadAction","target":["https:\/\/chrispy.gr\/de\/unsere-geschichte\/"]}]},{"@type":"ImageObject","inLanguage":"de","@id":"https:\/\/chrispy.gr\/de\/unsere-geschichte\/#primaryimage","url":"https:\/\/chrispy.gr\/wp-content\/uploads\/2026\/03\/Chania-City-Living-Rooms-7.webp","contentUrl":"https:\/\/chrispy.gr\/wp-content\/uploads\/2026\/03\/Chania-City-Living-Rooms-7.webp","width":1920,"height":1382},{"@type":"BreadcrumbList","@id":"https:\/\/chrispy.gr\/de\/unsere-geschichte\/#breadcrumb","itemListElement":[{"@type":"ListItem","position":1,"name":"Home","item":"https:\/\/chrispy.gr\/de\/startseite\/"},{"@type":"ListItem","position":2,"name":"Unsere Geschichte"}]},{"@type":"WebSite","@id":"https:\/\/chrispy.gr\/de\/#website","url":"https:\/\/chrispy.gr\/de\/","name":"Chrispy Hotels","description":"\u0391 Collection of Hotels in Chania, Crete, Greece","publisher":{"@id":"https:\/\/chrispy.gr\/de\/#organization"},"potentialAction":[{"@type":"SearchAction","target":{"@type":"EntryPoint","urlTemplate":"https:\/\/chrispy.gr\/de\/?s={search_term_string}"},"query-input":{"@type":"PropertyValueSpecification","valueRequired":true,"valueName":"search_term_string"}}],"inLanguage":"de"},{"@type":"Organization","@id":"https:\/\/chrispy.gr\/de\/#organization","name":"Chrispy Hotels","url":"https:\/\/chrispy.gr\/de\/","logo":{"@type":"ImageObject","inLanguage":"de","@id":"https:\/\/chrispy.gr\/de\/#\/schema\/logo\/image\/","url":"https:\/\/chrispy.gr\/wp-content\/uploads\/2025\/06\/chrispy-hotels-logo-2.svg","contentUrl":"https:\/\/chrispy.gr\/wp-content\/uploads\/2025\/06\/chrispy-hotels-logo-2.svg","width":1228,"height":1354,"caption":"Chrispy Hotels"},"image":{"@id":"https:\/\/chrispy.gr\/de\/#\/schema\/logo\/image\/"}}]}},"_links":{"self":[{"href":"https:\/\/chrispy.gr\/de\/wp-json\/wp\/v2\/pages\/2896","targetHints":{"allow":["GET"]}}],"collection":[{"href":"https:\/\/chrispy.gr\/de\/wp-json\/wp\/v2\/pages"}],"about":[{"href":"https:\/\/chrispy.gr\/de\/wp-json\/wp\/v2\/types\/page"}],"author":[{"embeddable":true,"href":"https:\/\/chrispy.gr\/de\/wp-json\/wp\/v2\/users\/4"}],"replies":[{"embeddable":true,"href":"https:\/\/chrispy.gr\/de\/wp-json\/wp\/v2\/comments?post=2896"}],"version-history":[{"count":0,"href":"https:\/\/chrispy.gr\/de\/wp-json\/wp\/v2\/pages\/2896\/revisions"}],"wp:featuredmedia":[{"embeddable":true,"href":"https:\/\/chrispy.gr\/de\/wp-json\/wp\/v2\/media\/2898"}],"wp:attachment":[{"href":"https:\/\/chrispy.gr\/de\/wp-json\/wp\/v2\/media?parent=2896"}],"curies":[{"name":"wp","href":"https:\/\/api.w.org\/{rel}","templated":true}]}}