{"id":2874,"date":"2026-03-11T15:30:20","date_gmt":"2026-03-11T13:30:20","guid":{"rendered":"https:\/\/chrispy.gr\/karriere\/"},"modified":"2026-04-08T12:57:55","modified_gmt":"2026-04-08T09:57:55","slug":"karriere","status":"publish","type":"page","link":"https:\/\/chrispy.gr\/de\/karriere\/","title":{"rendered":"Karriere"},"content":{"rendered":"\t\t<div data-elementor-type=\"wp-page\" data-elementor-id=\"2874\" class=\"elementor elementor-2874 elementor-168\" data-elementor-post-type=\"page\">\n\t\t\t\t<div data-dce-background-image-url=\"https:\/\/chrispy.gr\/wp-content\/uploads\/2026\/03\/restaurant-chrispy-beach.jpg\" class=\"elementor-element elementor-element-f967b11 e-con-full e-flex e-con e-parent\" data-id=\"f967b11\" data-element_type=\"container\" data-e-type=\"container\" data-settings=\"{&quot;background_background&quot;:&quot;classic&quot;}\">\n\t\t\t\t<\/div>\n\t\t<div class=\"elementor-element elementor-element-7111bdd e-con-full e-flex e-con e-parent\" data-id=\"7111bdd\" data-element_type=\"container\" data-e-type=\"container\">\n\t\t\t\t<div data-dce-title-color=\"#000000\" class=\"elementor-element elementor-element-57fe52f elementor-widget__width-initial elementor-widget-tablet__width-inherit elementor-widget-mobile__width-inherit elementor-widget elementor-widget-heading\" data-id=\"57fe52f\" data-element_type=\"widget\" data-e-type=\"widget\" data-widget_type=\"heading.default\">\n\t\t\t\t\t<h2 class=\"elementor-heading-title elementor-size-default\">Karriere bei Chrispy<\/h2>\t\t\t\t<\/div>\n\t\t<div class=\"elementor-element elementor-element-7e0123f e-con-full e-flex e-con e-child\" data-id=\"7e0123f\" data-element_type=\"container\" data-e-type=\"container\">\n\t\t\t\t<div class=\"elementor-element elementor-element-1170ba4 elementor-widget__width-initial elementor-widget elementor-widget-text-editor\" data-id=\"1170ba4\" data-element_type=\"widget\" data-e-type=\"widget\" data-widget_type=\"text-editor.default\">\n\t\t\t\t\t\t\t\t\t<p data-start=\"1366\" data-end=\"1545\"><span class=\"BZ_Pyq_fadeIn\">Wir <\/span><span class=\"BZ_Pyq_fadeIn\">wachsen &#8211; <\/span><span class=\"BZ_Pyq_fadeIn\">und <\/span><span class=\"BZ_Pyq_fadeIn\">unser <\/span><span class=\"BZ_Pyq_fadeIn\">Team<\/span><span class=\"BZ_Pyq_fadeIn\">auch <\/span><span class=\"BZ_Pyq_fadeIn\">.<\/span><br data-start=\"1414\" data-end=\"1417\">Mit drei Hotels in Chania bietet die Chrispy Collection M\u00f6glichkeiten f\u00fcr verschiedene Aufgaben und Karrierewege. Wir verpflichten uns, ein sicheres und gesundes Arbeitsumfeld zu schaffen, in dem Chancengleichheit f\u00fcr alle garantiert ist. Ganz gleich, ob Sie neu bei uns sind oder bereits Erfahrung mitbringen, wir bieten Ihnen einen Arbeitsplatz, der auf Respekt, Teamarbeit und kontinuierlicher Weiterentwicklung beruht.  <\/p><p data-start=\"1547\" data-end=\"1745\"><span class=\"BZ_Pyq_fadeIn\">Ob  <\/span><span class=\"BZ_Pyq_fadeIn\">Sie sind  <\/span><span class=\"BZ_Pyq_fadeIn\">Start  <\/span><span class=\"BZ_Pyq_fadeIn\">aus  <\/span><span class=\"BZ_Pyq_fadeIn\">oder  <\/span><span class=\"BZ_Pyq_fadeIn\">bringt  <\/span><span class=\"BZ_Pyq_fadeIn\">erleben  <\/span><span class=\"BZ_Pyq_fadeIn\">mit  <\/span><span class=\"BZ_Pyq_fadeIn\">Sie,  <\/span><span class=\"BZ_Pyq_fadeIn\">wir  <\/span><span class=\"BZ_Pyq_fadeIn\">Angebot  <\/span><span class=\"BZ_Pyq_fadeIn\">a  <\/span><span class=\"BZ_Pyq_fadeIn\">Arbeitsplatz  <\/span><span class=\"BZ_Pyq_fadeIn\">gebaut  <\/span><span class=\"BZ_Pyq_fadeIn\">auf  <\/span><span class=\"BZ_Pyq_fadeIn\">Respekt,  <\/span><span class=\"BZ_Pyq_fadeIn\">Teamarbeit,  <\/span><span class=\"BZ_Pyq_fadeIn\">und  <\/span><span class=\"BZ_Pyq_fadeIn\">kontinuierlich  <\/span><span class=\"BZ_Pyq_fadeIn\">Entwicklung.<\/span><br data-start=\"1684\" data-end=\"1687\"><span class=\"BZ_Pyq_fadeIn\">Entdecken Sie <\/span><span class=\"BZ_Pyq_fadeIn\">unser <\/span><span class=\"BZ_Pyq_fadeIn\">offenen <\/span><span class=\"BZ_Pyq_fadeIn\">Stellen <\/span><span class=\"BZ_Pyq_fadeIn\">und <\/span><span class=\"BZ_Pyq_fadeIn\">nehmen Sie <\/span><span class=\"BZ_Pyq_fadeIn\">die <\/span><span class=\"BZ_Pyq_fadeIn\">n\u00e4chsten <\/span><span class=\"BZ_Pyq_fadeIn\">Schritt <\/span><span class=\"BZ_Pyq_fadeIn\">mit <\/span><span class=\"BZ_Pyq_fadeIn\">mit uns.<\/span><\/p><ul><li data-section-id=\"kl3k3m\" data-start=\"0\" data-end=\"59\">Chrispy Waterpark Resort &#8211; Rapaniana, Kolymbari, Chania<\/li><li data-section-id=\"4215z\" data-start=\"60\" data-end=\"106\">Chrispy Beach Resort &#8211; Agia Marina, Chania<\/li><li data-section-id=\"1mcdrbh\" data-start=\"107\" data-end=\"150\" data-is-last-node=\"\">Chrispy City Living &#8211; Zimvrakakidon 47, Chania<\/li><\/ul>\t\t\t\t\t\t\t\t<\/div>\n\t\t\t\t<\/div>\n\t\t\t\t<\/div>\n\t\t<div class=\"elementor-element elementor-element-b86c19a e-flex e-con-boxed e-con e-parent\" data-id=\"b86c19a\" data-element_type=\"container\" data-e-type=\"container\">\n\t\t\t\t\t<div class=\"e-con-inner\">\n\t\t\t\t<div class=\"elementor-element elementor-element-1e61f57 elementor-button-align-start placeholder-form elementor-tablet-button-align-start elementor-mobile-button-align-stretch elementor-widget elementor-widget-form\" data-id=\"1e61f57\" data-element_type=\"widget\" data-e-type=\"widget\" data-settings=\"{&quot;step_next_label&quot;:&quot;N\\u00e4chste&quot;,&quot;step_previous_label&quot;:&quot;Vorherige&quot;,&quot;button_width&quot;:&quot;100&quot;,&quot;step_type&quot;:&quot;number_text&quot;,&quot;step_icon_shape&quot;:&quot;circle&quot;}\" data-widget_type=\"form.default\">\n\t\t\t\t\t\t\t<form class=\"elementor-form\" method=\"post\" name=\"Karriere-Formular\" aria-label=\"Karriere-Formular\">\n\t\t\t<input type=\"hidden\" name=\"post_id\" value=\"2874\"\/>\n\t\t\t<input type=\"hidden\" name=\"form_id\" value=\"1e61f57\"\/>\n\t\t\t<input type=\"hidden\" name=\"referer_title\" value=\"Chrispy Hotels\" \/>\n\n\t\t\t\n\t\t\t<div class=\"elementor-form-fields-wrapper elementor-labels-above\">\n\t\t\t\t\t\t\t\t<div class=\"elementor-field-type-text elementor-field-group elementor-column elementor-field-group-name elementor-col-50 elementor-field-required\">\n\t\t\t\t\t\t\t\t\t\t\t\t<label for=\"form-field-name\" class=\"elementor-field-label\">\n\t\t\t\t\t\t\t\t\u038c\u03bd\u03bf\u03bc\u03b1 \u03ba\u03b1\u03b9 \u0395\u03c0\u03ce\u03bd\u03c5\u03bc\u03bf* \/ Name und Nachname\t\t\t\t\t\t\t<\/label>\n\t\t\t\t\t\t\t\t\t\t\t\t\t\t<input size=\"1\" type=\"text\" name=\"form_fields[name]\" id=\"form-field-name\" class=\"elementor-field elementor-size-lg  elementor-field-textual\" required=\"required\">\n\t\t\t\t\t\t\t\t\t\t\t<\/div>\n\t\t\t\t\t\t\t\t<div class=\"elementor-field-type-tel elementor-field-group elementor-column elementor-field-group-field_c8ac470 elementor-col-50 elementor-field-required\">\n\t\t\t\t\t\t\t\t\t\t\t\t<label for=\"form-field-field_c8ac470\" class=\"elementor-field-label\">\n\t\t\t\t\t\t\t\t\u03a4\u03b7\u03bb\u03ad\u03c6\u03c9\u03bd\u03bf* \/ Telefonnummer\t\t\t\t\t\t\t<\/label>\n\t\t\t\t\t\t\t\t<input size=\"1\" type=\"tel\" name=\"form_fields[field_c8ac470]\" id=\"form-field-field_c8ac470\" class=\"elementor-field elementor-size-lg  elementor-field-textual\" required=\"required\" pattern=\"[0-9()#&amp;+*-=.]+\" title=\"Nur Nummern oder Telefon-Zeichen (#, -, *, etc) werden akzeptiert.\">\n\n\t\t\t\t\t\t<\/div>\n\t\t\t\t\t\t\t\t<div class=\"elementor-field-type-email elementor-field-group elementor-column elementor-field-group-email elementor-col-50 elementor-field-required\">\n\t\t\t\t\t\t\t\t\t\t\t\t<label for=\"form-field-email\" class=\"elementor-field-label\">\n\t\t\t\t\t\t\t\tE-Mail\t\t\t\t\t\t\t<\/label>\n\t\t\t\t\t\t\t\t\t\t\t\t\t\t<input size=\"1\" type=\"email\" name=\"form_fields[email]\" id=\"form-field-email\" class=\"elementor-field elementor-size-lg  elementor-field-textual\" required=\"required\">\n\t\t\t\t\t\t\t\t\t\t\t<\/div>\n\t\t\t\t\t\t\t\t<div class=\"elementor-field-type-select elementor-field-group elementor-column elementor-field-group-field_6bba518 elementor-col-50 elementor-field-required\">\n\t\t\t\t\t\t\t\t\t\t\t\t<label for=\"form-field-field_6bba518\" class=\"elementor-field-label\">\n\t\t\t\t\t\t\t\t\u0395\u03b9\u03b4\u03b9\u03ba\u03cc\u03c4\u03b7\u03c4\u03b1* \/ Stellenangebot\t\t\t\t\t\t\t<\/label>\n\t\t\t\t\t\t\t\t<div class=\"elementor-field elementor-select-wrapper remove-before \">\n\t\t\t<div class=\"select-caret-down-wrapper\">\n\t\t\t\t<svg aria-hidden=\"true\" class=\"e-font-icon-svg e-eicon-caret-down\" viewBox=\"0 0 571.4 571.4\" xmlns=\"http:\/\/www.w3.org\/2000\/svg\"><path d=\"M571 393Q571 407 561 418L311 668Q300 679 286 679T261 668L11 418Q0 407 0 393T11 368 36 357H536Q550 357 561 368T571 393Z\"><\/path><\/svg>\t\t\t<\/div>\n\t\t\t<select name=\"form_fields[field_6bba518]\" id=\"form-field-field_6bba518\" class=\"elementor-field-textual elementor-size-lg\" required=\"required\">\n\t\t\t\t\t\t\t\t\t<option value=\"\">Bitte w\u00e4hlen Sie eine Option <\/option>\n\t\t\t\t\t\t\t\t\t<option value=\"Service Manager\">Service Manager<\/option>\n\t\t\t\t\t\t\t\t\t<option value=\"Zimmerm\u00e4dchen\">Zimmerm\u00e4dchen<\/option>\n\t\t\t\t\t\t\t\t\t<option value=\"Kellnerin\/Kellner\">Kellnerin\/Kellner<\/option>\n\t\t\t\t\t\t\t\t\t<option value=\"K\u00f6che A &amp; B\">K\u00f6che A &amp; B<\/option>\n\t\t\t\t\t\t\t\t\t<option value=\"K\u00fcchentr\u00e4ger\">K\u00fcchentr\u00e4ger<\/option>\n\t\t\t\t\t\t\t<\/select>\n\t\t<\/div>\n\t\t\t\t\t\t<\/div>\n\t\t\t\t\t\t\t\t<div class=\"elementor-field-type-select elementor-field-group elementor-column elementor-field-group-field_063058f elementor-col-50 elementor-field-required\">\n\t\t\t\t\t\t\t\t\t\t\t\t<label for=\"form-field-field_063058f\" class=\"elementor-field-label\">\n\t\t\t\t\t\t\t\t\u0398\u03ad\u03bb\u03b5\u03c4\u03b5 \u0394\u03b9\u03b1\u03bc\u03bf\u03bd\u03ae; *\/ Ben\u00f6tigen Sie eine Unterkunft zum Wohnen?\t\t\t\t\t\t\t<\/label>\n\t\t\t\t\t\t\t\t<div class=\"elementor-field elementor-select-wrapper remove-before \">\n\t\t\t<div class=\"select-caret-down-wrapper\">\n\t\t\t\t<svg aria-hidden=\"true\" class=\"e-font-icon-svg e-eicon-caret-down\" viewBox=\"0 0 571.4 571.4\" xmlns=\"http:\/\/www.w3.org\/2000\/svg\"><path d=\"M571 393Q571 407 561 418L311 668Q300 679 286 679T261 668L11 418Q0 407 0 393T11 368 36 357H536Q550 357 561 368T571 393Z\"><\/path><\/svg>\t\t\t<\/div>\n\t\t\t<select name=\"form_fields[field_063058f]\" id=\"form-field-field_063058f\" class=\"elementor-field-textual elementor-size-lg\" required=\"required\">\n\t\t\t\t\t\t\t\t\t<option value=\"\">Bitte w\u00e4hlen Sie eine Option <\/option>\n\t\t\t\t\t\t\t\t\t<option value=\"\u039d\u03b1\u03b9 \/ Ja\">\u039d\u03b1\u03b9 \/ Ja<\/option>\n\t\t\t\t\t\t\t\t\t<option value=\"\u038c\u03c7\u03b9 \/ Nein\">\u038c\u03c7\u03b9 \/ Nein<\/option>\n\t\t\t\t\t\t\t<\/select>\n\t\t<\/div>\n\t\t\t\t\t\t<\/div>\n\t\t\t\t\t\t\t\t<div class=\"elementor-field-type-select elementor-field-group elementor-column elementor-field-group-field_9fc2fc8 elementor-col-50 elementor-field-required\">\n\t\t\t\t\t\t\t\t\t\t\t\t<label for=\"form-field-field_9fc2fc8\" class=\"elementor-field-label\">\n\t\t\t\t\t\t\t\t\u0388\u03c7\u03b5\u03c4\u03b5 \u03c3\u03c7\u03b5\u03c4\u03b9\u03ba\u03ae \u03a0\u03c1\u03bf\u03cb\u03c0\u03b7\u03c1\u03b5\u03c3\u03af\u03b1; *\/ Verf\u00fcgen Sie \u00fcber einschl\u00e4gige Berufserfahrung?\t\t\t\t\t\t\t<\/label>\n\t\t\t\t\t\t\t\t<div class=\"elementor-field elementor-select-wrapper remove-before \">\n\t\t\t<div class=\"select-caret-down-wrapper\">\n\t\t\t\t<svg aria-hidden=\"true\" class=\"e-font-icon-svg e-eicon-caret-down\" viewBox=\"0 0 571.4 571.4\" xmlns=\"http:\/\/www.w3.org\/2000\/svg\"><path d=\"M571 393Q571 407 561 418L311 668Q300 679 286 679T261 668L11 418Q0 407 0 393T11 368 36 357H536Q550 357 561 368T571 393Z\"><\/path><\/svg>\t\t\t<\/div>\n\t\t\t<select name=\"form_fields[field_9fc2fc8]\" id=\"form-field-field_9fc2fc8\" class=\"elementor-field-textual elementor-size-lg\" required=\"required\">\n\t\t\t\t\t\t\t\t\t<option value=\"\">Bitte w\u00e4hlen Sie eine Option <\/option>\n\t\t\t\t\t\t\t\t\t<option value=\"\u039d\u03b1\u03b9 \/ Ja\">\u039d\u03b1\u03b9 \/ Ja<\/option>\n\t\t\t\t\t\t\t\t\t<option value=\"\u038c\u03c7\u03b9 \/ Nein\">\u038c\u03c7\u03b9 \/ Nein<\/option>\n\t\t\t\t\t\t\t<\/select>\n\t\t<\/div>\n\t\t\t\t\t\t<\/div>\n\t\t\t\t\t\t\t\t<div class=\"elementor-field-type-select elementor-field-group elementor-column elementor-field-group-field_f34c30c elementor-col-50 elementor-field-required\">\n\t\t\t\t\t\t\t\t\t\t\t\t<label for=\"form-field-field_f34c30c\" class=\"elementor-field-label\">\n\t\t\t\t\t\t\t\t\u0397\u03bb\u03b9\u03ba\u03af\u03b1 *\/ Altersgruppe\t\t\t\t\t\t\t<\/label>\n\t\t\t\t\t\t\t\t<div class=\"elementor-field elementor-select-wrapper remove-before \">\n\t\t\t<div class=\"select-caret-down-wrapper\">\n\t\t\t\t<svg aria-hidden=\"true\" class=\"e-font-icon-svg e-eicon-caret-down\" viewBox=\"0 0 571.4 571.4\" xmlns=\"http:\/\/www.w3.org\/2000\/svg\"><path d=\"M571 393Q571 407 561 418L311 668Q300 679 286 679T261 668L11 418Q0 407 0 393T11 368 36 357H536Q550 357 561 368T571 393Z\"><\/path><\/svg>\t\t\t<\/div>\n\t\t\t<select name=\"form_fields[field_f34c30c]\" id=\"form-field-field_f34c30c\" class=\"elementor-field-textual elementor-size-lg\" required=\"required\">\n\t\t\t\t\t\t\t\t\t<option value=\"\">Bitte w\u00e4hlen Sie eine Option <\/option>\n\t\t\t\t\t\t\t\t\t<option value=\"18-30\">18-30<\/option>\n\t\t\t\t\t\t\t\t\t<option value=\"31-45\">31-45<\/option>\n\t\t\t\t\t\t\t\t\t<option value=\"45-65\">45-65<\/option>\n\t\t\t\t\t\t\t\t\t<option value=\"\"><\/option>\n\t\t\t\t\t\t\t<\/select>\n\t\t<\/div>\n\t\t\t\t\t\t<\/div>\n\t\t\t\t\t\t\t\t<div class=\"elementor-field-type-select elementor-field-group elementor-column elementor-field-group-field_8295bbd elementor-col-50 elementor-field-required\">\n\t\t\t\t\t\t\t\t\t\t\t\t<label for=\"form-field-field_8295bbd\" class=\"elementor-field-label\">\n\t\t\t\t\t\t\t\t\u0395\u03bd\u03b4\u03b9\u03b1\u03c6\u03ad\u03c1\u03b5\u03c3\u03c4\u03b5 \u03b3\u03b9\u03b1 \u03c4\u03bf \u03be\u03b5\u03bd\u03bf\u03b4\u03bf\u03c7\u03b5\u03af\u03bf *\/ An welchem Hotel sind Sie interessiert?\t\t\t\t\t\t\t<\/label>\n\t\t\t\t\t\t\t\t<div class=\"elementor-field elementor-select-wrapper remove-before \">\n\t\t\t<div class=\"select-caret-down-wrapper\">\n\t\t\t\t<svg aria-hidden=\"true\" class=\"e-font-icon-svg e-eicon-caret-down\" viewBox=\"0 0 571.4 571.4\" xmlns=\"http:\/\/www.w3.org\/2000\/svg\"><path d=\"M571 393Q571 407 561 418L311 668Q300 679 286 679T261 668L11 418Q0 407 0 393T11 368 36 357H536Q550 357 561 368T571 393Z\"><\/path><\/svg>\t\t\t<\/div>\n\t\t\t<select name=\"form_fields[field_8295bbd]\" id=\"form-field-field_8295bbd\" class=\"elementor-field-textual elementor-size-lg\" required=\"required\">\n\t\t\t\t\t\t\t\t\t<option value=\"\">Bitte w\u00e4hlen Sie eine Option <\/option>\n\t\t\t\t\t\t\t\t\t<option value=\"Chrispy Waterpark Resort \">Chrispy Waterpark Resort <\/option>\n\t\t\t\t\t\t\t\t\t<option value=\"Chrispy Beach Resort\">Chrispy Beach Resort<\/option>\n\t\t\t\t\t\t\t\t\t<option value=\"Chrispy City Living\">Chrispy City Living<\/option>\n\t\t\t\t\t\t\t<\/select>\n\t\t<\/div>\n\t\t\t\t\t\t<\/div>\n\t\t\t\t\t\t\t\t<div class=\"elementor-field-type-upload elementor-field-group elementor-column elementor-field-group-message elementor-col-100\">\n\t\t\t\t\t\t\t\t\t\t\t\t<label for=\"form-field-message\" class=\"elementor-field-label\">\n\t\t\t\t\t\t\t\t\u0391\u03bd\u03ad\u03b2\u03b1\u03c3\u03b5 \u0391\u03c1\u03c7\u03b5\u03af\u03bf (CV)\/ Laden Sie Ihren (CV) hoch *\u039c\u03b7 \u03c5\u03c0\u03bf\u03c7\u03c1\u03b5\u03c9\u03c4\u03b9\u03ba\u03cc \/ Nicht erforderlich\t\t\t\t\t\t\t<\/label>\n\t\t\t\t\t\t\t\t<input type=\"file\" name=\"form_fields[message]\" id=\"form-field-message\" class=\"elementor-field elementor-size-lg  elementor-upload-field\" data-maxsize=\"3\" data-maxsize-message=\"Diese Datei \u00fcbersteigt die maximale Dateigr\u00f6\u00dfe.\">\n\n\t\t\t\t\t\t<\/div>\n\t\t\t\t\t\t\t\t<div class=\"elementor-field-type-textarea elementor-field-group elementor-column elementor-field-group-field_f3bf864 elementor-col-100\">\n\t\t\t\t\t\t\t\t\t\t\t\t<label for=\"form-field-field_f3bf864\" class=\"elementor-field-label\">\n\t\t\t\t\t\t\t\t\u03a3\u03c7\u03cc\u03bb\u03b9\u03b1 \/ Kommentare:\t\t\t\t\t\t\t<\/label>\n\t\t\t\t\t\t<textarea class=\"elementor-field-textual elementor-field  elementor-size-lg\" name=\"form_fields[field_f3bf864]\" id=\"form-field-field_f3bf864\" rows=\"6\"><\/textarea>\t\t\t\t<\/div>\n\t\t\t\t\t\t\t\t<div class=\"elementor-field-type-acceptance elementor-field-group elementor-column elementor-field-group-field_65deb72 elementor-col-100 elementor-field-required\">\n\t\t\t\t\t\t\t<div class=\"elementor-field-subgroup\">\n\t\t\t<span class=\"elementor-field-option\">\n\t\t\t\t<input type=\"checkbox\" name=\"form_fields[field_65deb72]\" id=\"form-field-field_65deb72\" class=\"elementor-field elementor-size-lg  elementor-acceptance-field\" required=\"required\">\n\t\t\t\t<label for=\"form-field-field_65deb72\">\u039d\u03b1\u03b9, \u03ba\u03b1\u03c4\u03b1\u03bd\u03bf\u03ce \u03ba\u03b1\u03b9 \u03b1\u03c0\u03bf\u03b4\u03ad\u03c7\u03bf\u03bc\u03b1\u03b9 \u03cc\u03c4\u03b9 \u03bf\u03b9 \u03c0\u03bb\u03b7\u03c1\u03bf\u03c6\u03bf\u03c1\u03af\u03b5\u03c2 \u03bc\u03bf\u03c5 \u03b8\u03b1 \u03b1\u03c0\u03bf\u03b8\u03b7\u03ba\u03b5\u03c5\u03c4\u03bf\u03cd\u03bd. \/ Ja, ich verstehe und akzeptiere, dass meine Daten gespeichert werden. <\/label>\t\t\t<\/span>\n\t\t<\/div>\n\t\t\t\t\t\t<\/div>\n\t\t\t\t\t\t\t\t<div class=\"elementor-field-group elementor-column elementor-field-type-submit elementor-col-100 e-form__buttons\">\n\t\t\t\t\t<button class=\"elementor-button elementor-size-sm elementor-animation-grow\" type=\"submit\">\n\t\t\t\t\t\t<span class=\"elementor-button-content-wrapper\">\n\t\t\t\t\t\t\t\t\t\t\t\t\t\t\t\t\t\t\t\t\t\t<span class=\"elementor-button-text\">Senden Sie<\/span>\n\t\t\t\t\t\t\t\t\t\t\t\t\t<\/span>\n\t\t\t\t\t<\/button>\n\t\t\t\t<\/div>\n\t\t\t<\/div>\n\t\t<\/form>\n\t\t\t\t\t\t<\/div>\n\t\t\t\t\t<\/div>\n\t\t\t\t<\/div>\n\t\t\t\t<\/div>\n\t\t","protected":false},"excerpt":{"rendered":"<p>Karriere bei Chrispy Wir wachsen &#8211; und unser Teamauch .Mit drei Hotels in Chania bietet die Chrispy Collection M\u00f6glichkeiten f\u00fcr verschiedene Aufgaben und Karrierewege. Wir verpflichten uns, ein sicheres und gesundes Arbeitsumfeld zu schaffen, in dem Chancengleichheit f\u00fcr alle garantiert ist. Ganz gleich, ob Sie neu bei uns sind oder bereits Erfahrung mitbringen, wir bieten [&hellip;]<\/p>\n","protected":false},"author":4,"featured_media":0,"parent":0,"menu_order":0,"comment_status":"closed","ping_status":"closed","template":"","meta":{"_acf_changed":false,"footnotes":""},"class_list":["post-2874","page","type-page","status-publish","hentry"],"acf":[],"yoast_head":"<!-- This site is optimized with the Yoast SEO plugin v27.3 - https:\/\/yoast.com\/product\/yoast-seo-wordpress\/ -->\n<title>Karriere &#8226; Chrispy Hotels<\/title>\n<meta name=\"robots\" content=\"index, follow, max-snippet:-1, max-image-preview:large, max-video-preview:-1\" \/>\n<link rel=\"canonical\" href=\"https:\/\/chrispy.gr\/de\/karriere\/\" \/>\n<meta property=\"og:locale\" content=\"de_DE\" \/>\n<meta property=\"og:type\" content=\"article\" \/>\n<meta property=\"og:title\" content=\"Karriere &#8226; Chrispy Hotels\" \/>\n<meta property=\"og:description\" content=\"Karriere bei Chrispy Wir wachsen &#8211; und unser Teamauch .Mit drei Hotels in Chania bietet die Chrispy Collection M\u00f6glichkeiten f\u00fcr verschiedene Aufgaben und Karrierewege. Wir verpflichten uns, ein sicheres und gesundes Arbeitsumfeld zu schaffen, in dem Chancengleichheit f\u00fcr alle garantiert ist. Ganz gleich, ob Sie neu bei uns sind oder bereits Erfahrung mitbringen, wir bieten [&hellip;]\" \/>\n<meta property=\"og:url\" content=\"https:\/\/chrispy.gr\/de\/karriere\/\" \/>\n<meta property=\"og:site_name\" content=\"Chrispy Hotels\" \/>\n<meta property=\"article:modified_time\" content=\"2026-04-08T09:57:55+00:00\" \/>\n<meta property=\"og:image\" content=\"https:\/\/chrispy.gr\/wp-content\/uploads\/2026\/03\/Exterior-1.webp\" \/>\n\t<meta property=\"og:image:width\" content=\"1920\" \/>\n\t<meta property=\"og:image:height\" content=\"1279\" \/>\n\t<meta property=\"og:image:type\" content=\"image\/webp\" \/>\n<meta name=\"twitter:card\" content=\"summary_large_image\" \/>\n<meta name=\"twitter:label1\" content=\"Gesch\u00e4tzte Lesezeit\" \/>\n\t<meta name=\"twitter:data1\" content=\"1\u00a0Minute\" \/>\n<script type=\"application\/ld+json\" class=\"yoast-schema-graph\">{\"@context\":\"https:\\\/\\\/schema.org\",\"@graph\":[{\"@type\":\"WebPage\",\"@id\":\"https:\\\/\\\/chrispy.gr\\\/de\\\/karriere\\\/\",\"url\":\"https:\\\/\\\/chrispy.gr\\\/de\\\/karriere\\\/\",\"name\":\"Karriere &#8226; Chrispy Hotels\",\"isPartOf\":{\"@id\":\"https:\\\/\\\/chrispy.gr\\\/de\\\/#website\"},\"datePublished\":\"2026-03-11T13:30:20+00:00\",\"dateModified\":\"2026-04-08T09:57:55+00:00\",\"breadcrumb\":{\"@id\":\"https:\\\/\\\/chrispy.gr\\\/de\\\/karriere\\\/#breadcrumb\"},\"inLanguage\":\"de\",\"potentialAction\":[{\"@type\":\"ReadAction\",\"target\":[\"https:\\\/\\\/chrispy.gr\\\/de\\\/karriere\\\/\"]}]},{\"@type\":\"BreadcrumbList\",\"@id\":\"https:\\\/\\\/chrispy.gr\\\/de\\\/karriere\\\/#breadcrumb\",\"itemListElement\":[{\"@type\":\"ListItem\",\"position\":1,\"name\":\"Home\",\"item\":\"https:\\\/\\\/chrispy.gr\\\/de\\\/startseite\\\/\"},{\"@type\":\"ListItem\",\"position\":2,\"name\":\"Karriere\"}]},{\"@type\":\"WebSite\",\"@id\":\"https:\\\/\\\/chrispy.gr\\\/de\\\/#website\",\"url\":\"https:\\\/\\\/chrispy.gr\\\/de\\\/\",\"name\":\"Chrispy Hotels\",\"description\":\"\u0391 Collection of Hotels in Chania, Crete, Greece\",\"publisher\":{\"@id\":\"https:\\\/\\\/chrispy.gr\\\/de\\\/#organization\"},\"potentialAction\":[{\"@type\":\"SearchAction\",\"target\":{\"@type\":\"EntryPoint\",\"urlTemplate\":\"https:\\\/\\\/chrispy.gr\\\/de\\\/?s={search_term_string}\"},\"query-input\":{\"@type\":\"PropertyValueSpecification\",\"valueRequired\":true,\"valueName\":\"search_term_string\"}}],\"inLanguage\":\"de\"},{\"@type\":\"Organization\",\"@id\":\"https:\\\/\\\/chrispy.gr\\\/de\\\/#organization\",\"name\":\"Chrispy Hotels\",\"url\":\"https:\\\/\\\/chrispy.gr\\\/de\\\/\",\"logo\":{\"@type\":\"ImageObject\",\"inLanguage\":\"de\",\"@id\":\"https:\\\/\\\/chrispy.gr\\\/de\\\/#\\\/schema\\\/logo\\\/image\\\/\",\"url\":\"https:\\\/\\\/chrispy.gr\\\/wp-content\\\/uploads\\\/2025\\\/06\\\/chrispy-hotels-logo-2.svg\",\"contentUrl\":\"https:\\\/\\\/chrispy.gr\\\/wp-content\\\/uploads\\\/2025\\\/06\\\/chrispy-hotels-logo-2.svg\",\"width\":1228,\"height\":1354,\"caption\":\"Chrispy Hotels\"},\"image\":{\"@id\":\"https:\\\/\\\/chrispy.gr\\\/de\\\/#\\\/schema\\\/logo\\\/image\\\/\"}}]}<\/script>\n<!-- \/ Yoast SEO plugin. -->","yoast_head_json":{"title":"Karriere &#8226; Chrispy Hotels","robots":{"index":"index","follow":"follow","max-snippet":"max-snippet:-1","max-image-preview":"max-image-preview:large","max-video-preview":"max-video-preview:-1"},"canonical":"https:\/\/chrispy.gr\/de\/karriere\/","og_locale":"de_DE","og_type":"article","og_title":"Karriere &#8226; Chrispy Hotels","og_description":"Karriere bei Chrispy Wir wachsen &#8211; und unser Teamauch .Mit drei Hotels in Chania bietet die Chrispy Collection M\u00f6glichkeiten f\u00fcr verschiedene Aufgaben und Karrierewege. Wir verpflichten uns, ein sicheres und gesundes Arbeitsumfeld zu schaffen, in dem Chancengleichheit f\u00fcr alle garantiert ist. Ganz gleich, ob Sie neu bei uns sind oder bereits Erfahrung mitbringen, wir bieten [&hellip;]","og_url":"https:\/\/chrispy.gr\/de\/karriere\/","og_site_name":"Chrispy Hotels","article_modified_time":"2026-04-08T09:57:55+00:00","og_image":[{"width":1920,"height":1279,"url":"https:\/\/chrispy.gr\/wp-content\/uploads\/2026\/03\/Exterior-1.webp","type":"image\/webp"}],"twitter_card":"summary_large_image","twitter_misc":{"Gesch\u00e4tzte Lesezeit":"1\u00a0Minute"},"schema":{"@context":"https:\/\/schema.org","@graph":[{"@type":"WebPage","@id":"https:\/\/chrispy.gr\/de\/karriere\/","url":"https:\/\/chrispy.gr\/de\/karriere\/","name":"Karriere &#8226; Chrispy Hotels","isPartOf":{"@id":"https:\/\/chrispy.gr\/de\/#website"},"datePublished":"2026-03-11T13:30:20+00:00","dateModified":"2026-04-08T09:57:55+00:00","breadcrumb":{"@id":"https:\/\/chrispy.gr\/de\/karriere\/#breadcrumb"},"inLanguage":"de","potentialAction":[{"@type":"ReadAction","target":["https:\/\/chrispy.gr\/de\/karriere\/"]}]},{"@type":"BreadcrumbList","@id":"https:\/\/chrispy.gr\/de\/karriere\/#breadcrumb","itemListElement":[{"@type":"ListItem","position":1,"name":"Home","item":"https:\/\/chrispy.gr\/de\/startseite\/"},{"@type":"ListItem","position":2,"name":"Karriere"}]},{"@type":"WebSite","@id":"https:\/\/chrispy.gr\/de\/#website","url":"https:\/\/chrispy.gr\/de\/","name":"Chrispy Hotels","description":"\u0391 Collection of Hotels in Chania, Crete, Greece","publisher":{"@id":"https:\/\/chrispy.gr\/de\/#organization"},"potentialAction":[{"@type":"SearchAction","target":{"@type":"EntryPoint","urlTemplate":"https:\/\/chrispy.gr\/de\/?s={search_term_string}"},"query-input":{"@type":"PropertyValueSpecification","valueRequired":true,"valueName":"search_term_string"}}],"inLanguage":"de"},{"@type":"Organization","@id":"https:\/\/chrispy.gr\/de\/#organization","name":"Chrispy Hotels","url":"https:\/\/chrispy.gr\/de\/","logo":{"@type":"ImageObject","inLanguage":"de","@id":"https:\/\/chrispy.gr\/de\/#\/schema\/logo\/image\/","url":"https:\/\/chrispy.gr\/wp-content\/uploads\/2025\/06\/chrispy-hotels-logo-2.svg","contentUrl":"https:\/\/chrispy.gr\/wp-content\/uploads\/2025\/06\/chrispy-hotels-logo-2.svg","width":1228,"height":1354,"caption":"Chrispy Hotels"},"image":{"@id":"https:\/\/chrispy.gr\/de\/#\/schema\/logo\/image\/"}}]}},"_links":{"self":[{"href":"https:\/\/chrispy.gr\/de\/wp-json\/wp\/v2\/pages\/2874","targetHints":{"allow":["GET"]}}],"collection":[{"href":"https:\/\/chrispy.gr\/de\/wp-json\/wp\/v2\/pages"}],"about":[{"href":"https:\/\/chrispy.gr\/de\/wp-json\/wp\/v2\/types\/page"}],"author":[{"embeddable":true,"href":"https:\/\/chrispy.gr\/de\/wp-json\/wp\/v2\/users\/4"}],"replies":[{"embeddable":true,"href":"https:\/\/chrispy.gr\/de\/wp-json\/wp\/v2\/comments?post=2874"}],"version-history":[{"count":0,"href":"https:\/\/chrispy.gr\/de\/wp-json\/wp\/v2\/pages\/2874\/revisions"}],"wp:attachment":[{"href":"https:\/\/chrispy.gr\/de\/wp-json\/wp\/v2\/media?parent=2874"}],"curies":[{"name":"wp","href":"https:\/\/api.w.org\/{rel}","templated":true}]}}