{"id":2788,"date":"2026-03-24T14:27:36","date_gmt":"2026-03-24T12:27:36","guid":{"rendered":"https:\/\/chrispy.gr\/gebuehr-fuer-die-bewaeltigung-der-klimakrise\/"},"modified":"2026-04-08T12:54:53","modified_gmt":"2026-04-08T09:54:53","slug":"gebuehr-fuer-die-bewaeltigung-der-klimakrise","status":"publish","type":"page","link":"https:\/\/chrispy.gr\/de\/gebuehr-fuer-die-bewaeltigung-der-klimakrise\/","title":{"rendered":"Geb\u00fchr f\u00fcr die Bew\u00e4ltigung der Klimakrise"},"content":{"rendered":"\t\t<div data-elementor-type=\"wp-page\" data-elementor-id=\"2788\" class=\"elementor elementor-2788 elementor-2411\" data-elementor-post-type=\"page\">\n\t\t\t\t<div data-dce-background-image-url=\"https:\/\/chrispy.gr\/wp-content\/uploads\/2026\/03\/Pool-4.webp\" class=\"elementor-element elementor-element-0b4611c e-con-full e-flex e-con e-parent\" data-id=\"0b4611c\" data-element_type=\"container\" data-e-type=\"container\" data-settings=\"{&quot;background_background&quot;:&quot;classic&quot;}\">\n\t\t\t\t<\/div>\n\t\t<div class=\"elementor-element elementor-element-06da2f8 e-con-full e-flex e-con e-parent\" data-id=\"06da2f8\" data-element_type=\"container\" data-e-type=\"container\">\n\t\t\t\t<div data-dce-title-color=\"#000000\" class=\"elementor-element elementor-element-3044610 elementor-widget__width-initial elementor-widget-tablet__width-inherit elementor-widget-mobile__width-inherit elementor-widget elementor-widget-heading\" data-id=\"3044610\" data-element_type=\"widget\" data-e-type=\"widget\" data-widget_type=\"heading.default\">\n\t\t\t\t\t<h2 class=\"elementor-heading-title elementor-size-default\">Geb\u00fchr f\u00fcr die Bew\u00e4ltigung der Klimakrise<\/h2>\t\t\t\t<\/div>\n\t\t<div class=\"elementor-element elementor-element-c65055c e-con-full e-flex e-con e-child\" data-id=\"c65055c\" data-element_type=\"container\" data-e-type=\"container\">\n\t\t\t\t<div class=\"elementor-element elementor-element-b84f764 elementor-widget__width-initial elementor-widget elementor-widget-text-editor\" data-id=\"b84f764\" data-element_type=\"widget\" data-e-type=\"widget\" data-widget_type=\"text-editor.default\">\n\t\t\t\t\t\t\t\t\t<p>Liebe gesch\u00e4tzte G\u00e4ste,  <\/p><p>Wir haben uns im Chrispy Beach Resort der Nachhaltigkeit und Umweltverantwortung verschrieben. Ab dem 1. Januar 2024 wird in \u00dcbereinstimmung mit Artikel 30 des Gesetzes 5073\/2023 der griechischen Regierung eine neue Umweltgeb\u00fchr, die sogenannte Klimakrisenresilienzgeb\u00fchr, eingef\u00fchrt.<\/p><p>Was Sie wissen m\u00fcssen:  <\/p><ul><li><ul><li><strong>Datum des Inkrafttretens<\/strong>: Die Geb\u00fchr gilt f\u00fcr <em>alle Buchungen<\/em> mit einem <strong>Check-in-Datum nach dem 1. Januar 2024<\/strong>.<\/li><\/ul><\/li><\/ul><ul><li><ul><li><strong>Details zur Geb\u00fchr<\/strong>: Diese Geb\u00fchr wird pro Zimmer und pro Nacht erhoben und variiert je nach Art der Unterkunft und der Dauer des Aufenthalts. F\u00fcr 4-Sterne-Hotels wie das Chrispy Beach Resort betr\u00e4gt sie <strong>10,00 \u20ac pro Nacht<\/strong> von M\u00e4rz bis Oktober und <strong>3,00 \u20ac pro Nacht<\/strong> von November bis Februar.<\/li><\/ul><\/li><\/ul><ul><li><ul><li><strong>Einzugsverfahren<\/strong>: Die Geb\u00fchr wird von den G\u00e4sten beim Check-in eingezogen. Bitte beachten Sie, dass diese Geb\u00fchr gem\u00e4\u00df der neuen Gesetzgebung obligatorisch ist.<\/li><\/ul><\/li><\/ul><p>Ihr Beitrag durch diese Geb\u00fchr unterst\u00fctzt direkt Umweltinitiativen und hilft, die Widerstandsf\u00e4higkeit gegen die Klimakrise aufzubauen.<\/p><p>Wir danken Ihnen f\u00fcr Ihr Verst\u00e4ndnis und Ihre Unterst\u00fctzung bei unseren Bem\u00fchungen um eine nachhaltigere Zukunft.<\/p><p>Vielen Dank, dass Sie das Chrispy Beach Resort f\u00fcr Ihren Aufenthalt gew\u00e4hlt haben. Sollten Sie weitere Fragen haben oder Hilfe ben\u00f6tigen, steht Ihnen unser Team gerne zur Verf\u00fcgung.<\/p><p>Herzliche Gr\u00fc\u00dfe,<br>Chrispy Beach Resort<\/p>\t\t\t\t\t\t\t\t<\/div>\n\t\t\t\t<\/div>\n\t\t\t\t<\/div>\n\t\t\t\t<\/div>\n\t\t","protected":false},"excerpt":{"rendered":"<p>Liebe gesch\u00e4tzte G\u00e4ste, Wir haben uns im Chrispy Beach Resort der Nachhaltigkeit und Umweltverantwortung verschrieben. Ab dem 1. Januar 2024 wird in \u00dcbereinstimmung mit Artikel 30 des Gesetzes 5073\/2023 der griechischen Regierung eine neue Umweltgeb\u00fchr, die sogenannte Klimakrisenresilienzgeb\u00fchr, eingef\u00fchrt. Was Sie wissen m\u00fcssen: Datum des Inkrafttretens: Die Geb\u00fchr gilt f\u00fcr alle Buchungen mit einem Check-in-Datum [&hellip;]<\/p>\n","protected":false},"author":4,"featured_media":2789,"parent":0,"menu_order":0,"comment_status":"closed","ping_status":"closed","template":"","meta":{"_acf_changed":false,"footnotes":""},"class_list":["post-2788","page","type-page","status-publish","has-post-thumbnail","hentry"],"acf":[],"yoast_head":"<!-- This site is optimized with the Yoast SEO plugin v27.3 - https:\/\/yoast.com\/product\/yoast-seo-wordpress\/ -->\n<title>Geb\u00fchr f\u00fcr die Bew\u00e4ltigung der Klimakrise &#8226; Chrispy Hotels<\/title>\n<meta name=\"robots\" content=\"index, follow, max-snippet:-1, max-image-preview:large, max-video-preview:-1\" \/>\n<link rel=\"canonical\" href=\"https:\/\/chrispy.gr\/de\/gebuehr-fuer-die-bewaeltigung-der-klimakrise\/\" \/>\n<meta property=\"og:locale\" content=\"de_DE\" \/>\n<meta property=\"og:type\" content=\"article\" \/>\n<meta property=\"og:title\" content=\"Geb\u00fchr f\u00fcr die Bew\u00e4ltigung der Klimakrise &#8226; Chrispy Hotels\" \/>\n<meta property=\"og:description\" content=\"Liebe gesch\u00e4tzte G\u00e4ste, Wir haben uns im Chrispy Beach Resort der Nachhaltigkeit und Umweltverantwortung verschrieben. Ab dem 1. Januar 2024 wird in \u00dcbereinstimmung mit Artikel 30 des Gesetzes 5073\/2023 der griechischen Regierung eine neue Umweltgeb\u00fchr, die sogenannte Klimakrisenresilienzgeb\u00fchr, eingef\u00fchrt. Was Sie wissen m\u00fcssen: Datum des Inkrafttretens: Die Geb\u00fchr gilt f\u00fcr alle Buchungen mit einem Check-in-Datum [&hellip;]\" \/>\n<meta property=\"og:url\" content=\"https:\/\/chrispy.gr\/de\/gebuehr-fuer-die-bewaeltigung-der-klimakrise\/\" \/>\n<meta property=\"og:site_name\" content=\"Chrispy Hotels\" \/>\n<meta property=\"article:modified_time\" content=\"2026-04-08T09:54:53+00:00\" \/>\n<meta property=\"og:image\" content=\"https:\/\/chrispy.gr\/wp-content\/uploads\/2026\/03\/Pool-4.webp\" \/>\n\t<meta property=\"og:image:width\" content=\"1920\" \/>\n\t<meta property=\"og:image:height\" content=\"1280\" \/>\n\t<meta property=\"og:image:type\" content=\"image\/webp\" \/>\n<meta name=\"twitter:card\" content=\"summary_large_image\" \/>\n<meta name=\"twitter:label1\" content=\"Gesch\u00e4tzte Lesezeit\" \/>\n\t<meta name=\"twitter:data1\" content=\"1\u00a0Minute\" \/>\n<script type=\"application\/ld+json\" class=\"yoast-schema-graph\">{\"@context\":\"https:\\\/\\\/schema.org\",\"@graph\":[{\"@type\":\"WebPage\",\"@id\":\"https:\\\/\\\/chrispy.gr\\\/de\\\/gebuehr-fuer-die-bewaeltigung-der-klimakrise\\\/\",\"url\":\"https:\\\/\\\/chrispy.gr\\\/de\\\/gebuehr-fuer-die-bewaeltigung-der-klimakrise\\\/\",\"name\":\"Geb\u00fchr f\u00fcr die Bew\u00e4ltigung der Klimakrise &#8226; Chrispy Hotels\",\"isPartOf\":{\"@id\":\"https:\\\/\\\/chrispy.gr\\\/de\\\/#website\"},\"primaryImageOfPage\":{\"@id\":\"https:\\\/\\\/chrispy.gr\\\/de\\\/gebuehr-fuer-die-bewaeltigung-der-klimakrise\\\/#primaryimage\"},\"image\":{\"@id\":\"https:\\\/\\\/chrispy.gr\\\/de\\\/gebuehr-fuer-die-bewaeltigung-der-klimakrise\\\/#primaryimage\"},\"thumbnailUrl\":\"https:\\\/\\\/chrispy.gr\\\/wp-content\\\/uploads\\\/2026\\\/03\\\/Pool-4.webp\",\"datePublished\":\"2026-03-24T12:27:36+00:00\",\"dateModified\":\"2026-04-08T09:54:53+00:00\",\"breadcrumb\":{\"@id\":\"https:\\\/\\\/chrispy.gr\\\/de\\\/gebuehr-fuer-die-bewaeltigung-der-klimakrise\\\/#breadcrumb\"},\"inLanguage\":\"de\",\"potentialAction\":[{\"@type\":\"ReadAction\",\"target\":[\"https:\\\/\\\/chrispy.gr\\\/de\\\/gebuehr-fuer-die-bewaeltigung-der-klimakrise\\\/\"]}]},{\"@type\":\"ImageObject\",\"inLanguage\":\"de\",\"@id\":\"https:\\\/\\\/chrispy.gr\\\/de\\\/gebuehr-fuer-die-bewaeltigung-der-klimakrise\\\/#primaryimage\",\"url\":\"https:\\\/\\\/chrispy.gr\\\/wp-content\\\/uploads\\\/2026\\\/03\\\/Pool-4.webp\",\"contentUrl\":\"https:\\\/\\\/chrispy.gr\\\/wp-content\\\/uploads\\\/2026\\\/03\\\/Pool-4.webp\",\"width\":1920,\"height\":1280},{\"@type\":\"BreadcrumbList\",\"@id\":\"https:\\\/\\\/chrispy.gr\\\/de\\\/gebuehr-fuer-die-bewaeltigung-der-klimakrise\\\/#breadcrumb\",\"itemListElement\":[{\"@type\":\"ListItem\",\"position\":1,\"name\":\"Home\",\"item\":\"https:\\\/\\\/chrispy.gr\\\/de\\\/startseite\\\/\"},{\"@type\":\"ListItem\",\"position\":2,\"name\":\"Geb\u00fchr f\u00fcr die Bew\u00e4ltigung der Klimakrise\"}]},{\"@type\":\"WebSite\",\"@id\":\"https:\\\/\\\/chrispy.gr\\\/de\\\/#website\",\"url\":\"https:\\\/\\\/chrispy.gr\\\/de\\\/\",\"name\":\"Chrispy Hotels\",\"description\":\"\u0391 Collection of Hotels in Chania, Crete, Greece\",\"publisher\":{\"@id\":\"https:\\\/\\\/chrispy.gr\\\/de\\\/#organization\"},\"potentialAction\":[{\"@type\":\"SearchAction\",\"target\":{\"@type\":\"EntryPoint\",\"urlTemplate\":\"https:\\\/\\\/chrispy.gr\\\/de\\\/?s={search_term_string}\"},\"query-input\":{\"@type\":\"PropertyValueSpecification\",\"valueRequired\":true,\"valueName\":\"search_term_string\"}}],\"inLanguage\":\"de\"},{\"@type\":\"Organization\",\"@id\":\"https:\\\/\\\/chrispy.gr\\\/de\\\/#organization\",\"name\":\"Chrispy Hotels\",\"url\":\"https:\\\/\\\/chrispy.gr\\\/de\\\/\",\"logo\":{\"@type\":\"ImageObject\",\"inLanguage\":\"de\",\"@id\":\"https:\\\/\\\/chrispy.gr\\\/de\\\/#\\\/schema\\\/logo\\\/image\\\/\",\"url\":\"https:\\\/\\\/chrispy.gr\\\/wp-content\\\/uploads\\\/2025\\\/06\\\/chrispy-hotels-logo-2.svg\",\"contentUrl\":\"https:\\\/\\\/chrispy.gr\\\/wp-content\\\/uploads\\\/2025\\\/06\\\/chrispy-hotels-logo-2.svg\",\"width\":1228,\"height\":1354,\"caption\":\"Chrispy Hotels\"},\"image\":{\"@id\":\"https:\\\/\\\/chrispy.gr\\\/de\\\/#\\\/schema\\\/logo\\\/image\\\/\"}}]}<\/script>\n<!-- \/ Yoast SEO plugin. -->","yoast_head_json":{"title":"Geb\u00fchr f\u00fcr die Bew\u00e4ltigung der Klimakrise &#8226; Chrispy Hotels","robots":{"index":"index","follow":"follow","max-snippet":"max-snippet:-1","max-image-preview":"max-image-preview:large","max-video-preview":"max-video-preview:-1"},"canonical":"https:\/\/chrispy.gr\/de\/gebuehr-fuer-die-bewaeltigung-der-klimakrise\/","og_locale":"de_DE","og_type":"article","og_title":"Geb\u00fchr f\u00fcr die Bew\u00e4ltigung der Klimakrise &#8226; Chrispy Hotels","og_description":"Liebe gesch\u00e4tzte G\u00e4ste, Wir haben uns im Chrispy Beach Resort der Nachhaltigkeit und Umweltverantwortung verschrieben. Ab dem 1. Januar 2024 wird in \u00dcbereinstimmung mit Artikel 30 des Gesetzes 5073\/2023 der griechischen Regierung eine neue Umweltgeb\u00fchr, die sogenannte Klimakrisenresilienzgeb\u00fchr, eingef\u00fchrt. Was Sie wissen m\u00fcssen: Datum des Inkrafttretens: Die Geb\u00fchr gilt f\u00fcr alle Buchungen mit einem Check-in-Datum [&hellip;]","og_url":"https:\/\/chrispy.gr\/de\/gebuehr-fuer-die-bewaeltigung-der-klimakrise\/","og_site_name":"Chrispy Hotels","article_modified_time":"2026-04-08T09:54:53+00:00","og_image":[{"width":1920,"height":1280,"url":"https:\/\/chrispy.gr\/wp-content\/uploads\/2026\/03\/Pool-4.webp","type":"image\/webp"}],"twitter_card":"summary_large_image","twitter_misc":{"Gesch\u00e4tzte Lesezeit":"1\u00a0Minute"},"schema":{"@context":"https:\/\/schema.org","@graph":[{"@type":"WebPage","@id":"https:\/\/chrispy.gr\/de\/gebuehr-fuer-die-bewaeltigung-der-klimakrise\/","url":"https:\/\/chrispy.gr\/de\/gebuehr-fuer-die-bewaeltigung-der-klimakrise\/","name":"Geb\u00fchr f\u00fcr die Bew\u00e4ltigung der Klimakrise &#8226; Chrispy Hotels","isPartOf":{"@id":"https:\/\/chrispy.gr\/de\/#website"},"primaryImageOfPage":{"@id":"https:\/\/chrispy.gr\/de\/gebuehr-fuer-die-bewaeltigung-der-klimakrise\/#primaryimage"},"image":{"@id":"https:\/\/chrispy.gr\/de\/gebuehr-fuer-die-bewaeltigung-der-klimakrise\/#primaryimage"},"thumbnailUrl":"https:\/\/chrispy.gr\/wp-content\/uploads\/2026\/03\/Pool-4.webp","datePublished":"2026-03-24T12:27:36+00:00","dateModified":"2026-04-08T09:54:53+00:00","breadcrumb":{"@id":"https:\/\/chrispy.gr\/de\/gebuehr-fuer-die-bewaeltigung-der-klimakrise\/#breadcrumb"},"inLanguage":"de","potentialAction":[{"@type":"ReadAction","target":["https:\/\/chrispy.gr\/de\/gebuehr-fuer-die-bewaeltigung-der-klimakrise\/"]}]},{"@type":"ImageObject","inLanguage":"de","@id":"https:\/\/chrispy.gr\/de\/gebuehr-fuer-die-bewaeltigung-der-klimakrise\/#primaryimage","url":"https:\/\/chrispy.gr\/wp-content\/uploads\/2026\/03\/Pool-4.webp","contentUrl":"https:\/\/chrispy.gr\/wp-content\/uploads\/2026\/03\/Pool-4.webp","width":1920,"height":1280},{"@type":"BreadcrumbList","@id":"https:\/\/chrispy.gr\/de\/gebuehr-fuer-die-bewaeltigung-der-klimakrise\/#breadcrumb","itemListElement":[{"@type":"ListItem","position":1,"name":"Home","item":"https:\/\/chrispy.gr\/de\/startseite\/"},{"@type":"ListItem","position":2,"name":"Geb\u00fchr f\u00fcr die Bew\u00e4ltigung der Klimakrise"}]},{"@type":"WebSite","@id":"https:\/\/chrispy.gr\/de\/#website","url":"https:\/\/chrispy.gr\/de\/","name":"Chrispy Hotels","description":"\u0391 Collection of Hotels in Chania, Crete, Greece","publisher":{"@id":"https:\/\/chrispy.gr\/de\/#organization"},"potentialAction":[{"@type":"SearchAction","target":{"@type":"EntryPoint","urlTemplate":"https:\/\/chrispy.gr\/de\/?s={search_term_string}"},"query-input":{"@type":"PropertyValueSpecification","valueRequired":true,"valueName":"search_term_string"}}],"inLanguage":"de"},{"@type":"Organization","@id":"https:\/\/chrispy.gr\/de\/#organization","name":"Chrispy Hotels","url":"https:\/\/chrispy.gr\/de\/","logo":{"@type":"ImageObject","inLanguage":"de","@id":"https:\/\/chrispy.gr\/de\/#\/schema\/logo\/image\/","url":"https:\/\/chrispy.gr\/wp-content\/uploads\/2025\/06\/chrispy-hotels-logo-2.svg","contentUrl":"https:\/\/chrispy.gr\/wp-content\/uploads\/2025\/06\/chrispy-hotels-logo-2.svg","width":1228,"height":1354,"caption":"Chrispy Hotels"},"image":{"@id":"https:\/\/chrispy.gr\/de\/#\/schema\/logo\/image\/"}}]}},"_links":{"self":[{"href":"https:\/\/chrispy.gr\/de\/wp-json\/wp\/v2\/pages\/2788","targetHints":{"allow":["GET"]}}],"collection":[{"href":"https:\/\/chrispy.gr\/de\/wp-json\/wp\/v2\/pages"}],"about":[{"href":"https:\/\/chrispy.gr\/de\/wp-json\/wp\/v2\/types\/page"}],"author":[{"embeddable":true,"href":"https:\/\/chrispy.gr\/de\/wp-json\/wp\/v2\/users\/4"}],"replies":[{"embeddable":true,"href":"https:\/\/chrispy.gr\/de\/wp-json\/wp\/v2\/comments?post=2788"}],"version-history":[{"count":0,"href":"https:\/\/chrispy.gr\/de\/wp-json\/wp\/v2\/pages\/2788\/revisions"}],"wp:featuredmedia":[{"embeddable":true,"href":"https:\/\/chrispy.gr\/de\/wp-json\/wp\/v2\/media\/2789"}],"wp:attachment":[{"href":"https:\/\/chrispy.gr\/de\/wp-json\/wp\/v2\/media?parent=2788"}],"curies":[{"name":"wp","href":"https:\/\/api.w.org\/{rel}","templated":true}]}}