{"id":2778,"date":"2026-04-07T15:44:34","date_gmt":"2026-04-07T12:44:34","guid":{"rendered":"https:\/\/chrispy.gr\/lokale-touren\/"},"modified":"2026-04-15T09:12:49","modified_gmt":"2026-04-15T06:12:49","slug":"lokale-touren","status":"publish","type":"page","link":"https:\/\/chrispy.gr\/de\/lokale-touren\/","title":{"rendered":"Lokale Touren"},"content":{"rendered":"\t\t<div data-elementor-type=\"wp-page\" data-elementor-id=\"2778\" class=\"elementor elementor-2778 elementor-2733\" data-elementor-post-type=\"page\">\n\t\t\t\t<div data-dce-background-image-url=\"https:\/\/chrispy.gr\/wp-content\/uploads\/2026\/03\/young-family-on-vacation-have-a-lot-of-fun-2026-01-08-00-38-22-utc-1.webp\" class=\"elementor-element elementor-element-65a185c e-con-full e-flex e-con e-parent\" data-id=\"65a185c\" data-element_type=\"container\" data-e-type=\"container\" data-settings=\"{&quot;background_background&quot;:&quot;classic&quot;}\">\n\t\t\t\t<\/div>\n\t\t<div class=\"elementor-element elementor-element-10f08d2 e-con-full e-flex e-con e-parent\" data-id=\"10f08d2\" data-element_type=\"container\" data-e-type=\"container\">\n\t\t\t\t<div data-dce-title-color=\"#000000\" class=\"elementor-element elementor-element-c0cbcbb elementor-widget__width-initial elementor-widget-tablet__width-inherit elementor-widget-mobile__width-inherit elementor-widget elementor-widget-heading\" data-id=\"c0cbcbb\" data-element_type=\"widget\" data-e-type=\"widget\" data-widget_type=\"heading.default\">\n\t\t\t\t\t<h2 class=\"elementor-heading-title elementor-size-default\">Lokale Touren<\/h2>\t\t\t\t<\/div>\n\t\t<div class=\"elementor-element elementor-element-b9a488e e-con-full e-flex e-con e-child\" data-id=\"b9a488e\" data-element_type=\"container\" data-e-type=\"container\">\n\t\t\t\t<div class=\"elementor-element elementor-element-c9a28c5 elementor-widget elementor-widget-text-editor\" data-id=\"c9a28c5\" data-element_type=\"widget\" data-e-type=\"widget\" data-widget_type=\"text-editor.default\">\n\t\t\t\t\t\t\t\t\t<p data-path-to-node=\"4\">Ihr Aufenthalt in den <b data-path-to-node=\"4\" data-index-in-node=\"13\">Chrispy Hotels<\/b> ist der perfekte Ausgangspunkt, um die Weltklasse-Sch\u00f6nheit Kretas zu erkunden. Beginnen Sie Ihre Reise an den ber\u00fchmten Str\u00e4nden der Insel, vom rosafarbenen Sand von <b data-path-to-node=\"4\" data-index-in-node=\"175\">Elafonisi<\/b> \u00fcber die t\u00fcrkisfarbene Lagune von <b data-path-to-node=\"4\" data-index-in-node=\"213\">Balos<\/b> bis hin zu den goldenen Horizonten von <b data-path-to-node=\"4\" data-index-in-node=\"245\">Falassarna<\/b>, die f\u00fcr ihre atemberaubenden Sonnenunterg\u00e4nge bekannt sind. F\u00fcr diejenigen, die das Abenteuer suchen, bieten die lebhaften Str\u00e4nde von <b data-path-to-node=\"4\" data-index-in-node=\"345\">Agia Marina<\/b> und <b data-path-to-node=\"4\" data-index-in-node=\"361\">Falassarna<\/b> einen Spielplatz f\u00fcr Wassersportarten, darunter Jetski, Windsurfen und Parasailing. Wenn Sie die Ruhe suchen, entdecken Sie versteckte Juwelen wie die dramatische S-f\u00f6rmige Bucht von <b data-path-to-node=\"4\" data-index-in-node=\"553\">Seitan Limania<\/b> oder die unber\u00fchrten Zedernw\u00e4lder von <b data-path-to-node=\"4\" data-index-in-node=\"601\">Kedrodasos<\/b>.   <\/p><p data-path-to-node=\"5\">Die Erkundung geht weiter auf dem Meer und durch die Zeit. Begeben Sie sich auf eine malerische Bootsfahrt von Kissamos zur <b data-path-to-node=\"5\" data-index-in-node=\"101\">Halbinsel Gramvousa<\/b> oder genie\u00dfen Sie einen privaten Ausflug zur <b data-path-to-node=\"5\" data-index-in-node=\"153\">Insel Thodorou<\/b>, um deren einzigartige Tierwelt zu beobachten. Tauchen Sie bei einem Spaziergang durch die stimmungsvollen Gassen der Altstadt <b data-path-to-node=\"5\" data-index-in-node=\"277\">von Chania<\/b> in die Geschichte ein, oder besuchen Sie die ruhigen Anlagen der Kl\u00f6ster <b data-path-to-node=\"5\" data-index-in-node=\"329\">Agia Triada Tzagaroli<\/b> und <b data-path-to-node=\"5\" data-index-in-node=\"355\">Gonia<\/b>. Naturliebhaber werden von den gesch\u00fctzten Meeresschildkr\u00f6ten am <b data-path-to-node=\"5\" data-index-in-node=\"444\">Strand von Rapaniana<\/b>, der \u00fcppigen <b data-path-to-node=\"5\" data-index-in-node=\"470\">Theriso-Schlucht<\/b> und dem exotischen Palmenwald von <b data-path-to-node=\"5\" data-index-in-node=\"515\">Preveli<\/b> fasziniert sein.   <\/p><p data-path-to-node=\"6\">Vervollst\u00e4ndigen Sie Ihr Kreta-Erlebnis, indem Sie die weltber\u00fchmte Gastronomie der Insel probieren. Genie\u00dfen Sie frische Meeresfr\u00fcchte in den traditionellen Tavernen von <b data-path-to-node=\"6\" data-index-in-node=\"135\">Kolymbari<\/b> oder g\u00f6nnen Sie sich eine raffinierte Weinverkostung im <b data-path-to-node=\"6\" data-index-in-node=\"197\">Weingut Karavitakis<\/b>. F\u00fcr Familien bietet Kreta endloses Vergn\u00fcgen, von aufregenden Tagen in den \u00f6rtlichen <b data-path-to-node=\"6\" data-index-in-node=\"285\">Wasserparks<\/b> bis hin zu den ruhigen, seichten Gew\u00e4ssern von <b data-path-to-node=\"6\" data-index-in-node=\"328\">Georgioupolis<\/b> und <b data-path-to-node=\"6\" data-index-in-node=\"346\">Marathi<\/b>, die sicherstellen, dass jedes Familienmitglied Erinnerungen schafft, die ein Leben lang halten.  <\/p>\t\t\t\t\t\t\t\t<\/div>\n\t\t\t\t<div class=\"elementor-element elementor-element-9bea0d0 elementor-widget__width-initial elementor-widget elementor-widget-text-editor\" data-id=\"9bea0d0\" data-element_type=\"widget\" data-e-type=\"widget\" data-widget_type=\"text-editor.default\">\n\t\t\t\t\t\t\t\t\t<p data-start=\"1366\" data-end=\"1545\">Sind Sie bereit f\u00fcr Ihr n\u00e4chstes Abenteuer? W\u00e4hlen Sie einfach Ihr Hotel aus, geben Sie Ihre Daten ein und lassen Sie uns das perfekte Kreta-Erlebnis f\u00fcr Sie zusammenstellen.<\/p>\t\t\t\t\t\t\t\t<\/div>\n\t\t\t\t<div class=\"elementor-element elementor-element-e49186f elementor-button-align-start elementor-tablet-button-align-start elementor-mobile-button-align-stretch placeholder-form elementor-widget elementor-widget-form\" data-id=\"e49186f\" data-element_type=\"widget\" data-e-type=\"widget\" data-settings=\"{&quot;step_next_label&quot;:&quot;N\\u00e4chste&quot;,&quot;step_previous_label&quot;:&quot;Vorherige&quot;,&quot;step_type&quot;:&quot;none&quot;,&quot;step_icon_shape&quot;:&quot;none&quot;,&quot;button_width&quot;:&quot;100&quot;}\" data-widget_type=\"form.default\">\n\t\t\t\t\t\t\t<form class=\"elementor-form\" method=\"post\" name=\"Formular f\u00fcr die Kontaktseite\" aria-label=\"Formular f\u00fcr die Kontaktseite\">\n\t\t\t<input type=\"hidden\" name=\"post_id\" value=\"2778\"\/>\n\t\t\t<input type=\"hidden\" name=\"form_id\" value=\"e49186f\"\/>\n\t\t\t<input type=\"hidden\" name=\"referer_title\" value=\"Chrispy Hotels\" \/>\n\n\t\t\t\n\t\t\t<div class=\"elementor-form-fields-wrapper elementor-labels-above\">\n\t\t\t\t\t\t\t\t<div class=\"elementor-field-type-text elementor-field-group elementor-column elementor-field-group-name elementor-col-100\">\n\t\t\t\t\t\t\t\t\t\t\t\t\t<input size=\"1\" type=\"text\" name=\"form_fields[name]\" id=\"form-field-name\" class=\"elementor-field elementor-size-sm  elementor-field-textual\" placeholder=\"Name\">\n\t\t\t\t\t\t\t\t\t\t\t<\/div>\n\t\t\t\t\t\t\t\t<div class=\"elementor-field-type-email elementor-field-group elementor-column elementor-field-group-email elementor-col-100 elementor-field-required\">\n\t\t\t\t\t\t\t\t\t\t\t\t\t<input size=\"1\" type=\"email\" name=\"form_fields[email]\" id=\"form-field-email\" class=\"elementor-field elementor-size-sm  elementor-field-textual\" placeholder=\"E-Mail\" required=\"required\">\n\t\t\t\t\t\t\t\t\t\t\t<\/div>\n\t\t\t\t\t\t\t\t<div class=\"elementor-field-type-select elementor-field-group elementor-column elementor-field-group-hotel_select elementor-col-100 elementor-field-required\">\n\t\t\t\t\t\t\t<div class=\"elementor-field elementor-select-wrapper remove-before \">\n\t\t\t<div class=\"select-caret-down-wrapper\">\n\t\t\t\t<svg aria-hidden=\"true\" class=\"e-font-icon-svg e-eicon-caret-down\" viewBox=\"0 0 571.4 571.4\" xmlns=\"http:\/\/www.w3.org\/2000\/svg\"><path d=\"M571 393Q571 407 561 418L311 668Q300 679 286 679T261 668L11 418Q0 407 0 393T11 368 36 357H536Q550 357 561 368T571 393Z\"><\/path><\/svg>\t\t\t<\/div>\n\t\t\t<select name=\"form_fields[hotel_select]\" id=\"form-field-hotel_select\" class=\"elementor-field-textual elementor-size-sm\" required=\"required\">\n\t\t\t\t\t\t\t\t\t<option value=\" \">Welches Hotel m\u00f6chten Sie kontaktieren? <\/option>\n\t\t\t\t\t\t\t\t\t<option value=\"Chrispy Waterpark\">Chrispy Waterpark<\/option>\n\t\t\t\t\t\t\t\t\t<option value=\"Chrispy Beach\">Chrispy Beach<\/option>\n\t\t\t\t\t\t\t\t\t<option value=\"Chrispy City Living \">Chrispy City Living <\/option>\n\t\t\t\t\t\t\t<\/select>\n\t\t<\/div>\n\t\t\t\t\t\t<\/div>\n\t\t\t\t\t\t\t\t<div class=\"elementor-field-type-textarea elementor-field-group elementor-column elementor-field-group-message elementor-col-100\">\n\t\t\t\t\t<textarea class=\"elementor-field-textual elementor-field  elementor-size-sm\" name=\"form_fields[message]\" id=\"form-field-message\" rows=\"4\" placeholder=\"Nachricht\"><\/textarea>\t\t\t\t<\/div>\n\t\t\t\t\t\t\t\t<div class=\"elementor-field-type-cf_turnstile elementor-field-group elementor-column elementor-field-group-field_7fa4fa9 elementor-col-100\">\n\t\t\t\t\t<div class=\"elementor-field\" id=\"form-field-field_7fa4fa9\"><div class=\"elementor-cf-turnstile\" data-sitekey=\"0x4AAAAAAA8xtTpyEdYG1D0L\" data-type=\"managed\" data-theme=\"light\" data-size=\"flexible\" style=\"min-height:65px\"><\/div><style>.elementor-cf-turnstile > div {display:flex;}<\/style><\/div>\t\t\t\t<\/div>\n\t\t\t\t\t\t\t\t<div class=\"elementor-field-group elementor-column elementor-field-type-submit elementor-col-100 e-form__buttons\">\n\t\t\t\t\t<button class=\"elementor-button elementor-size-sm elementor-animation-grow\" type=\"submit\">\n\t\t\t\t\t\t<span class=\"elementor-button-content-wrapper\">\n\t\t\t\t\t\t\t\t\t\t\t\t\t\t\t\t\t\t\t\t\t\t<span class=\"elementor-button-text\">Senden Sie<\/span>\n\t\t\t\t\t\t\t\t\t\t\t\t\t<\/span>\n\t\t\t\t\t<\/button>\n\t\t\t\t<\/div>\n\t\t\t<\/div>\n\t\t<\/form>\n\t\t\t\t\t\t<\/div>\n\t\t\t\t<\/div>\n\t\t\t\t<\/div>\n\t\t\t\t<\/div>\n\t\t","protected":false},"excerpt":{"rendered":"<p>Lokale Touren Ihr Aufenthalt in den Chrispy Hotels ist der perfekte Ausgangspunkt, um die Weltklasse-Sch\u00f6nheit Kretas zu erkunden. Beginnen Sie Ihre Reise an den ber\u00fchmten Str\u00e4nden der Insel, vom rosafarbenen Sand von Elafonisi \u00fcber die t\u00fcrkisfarbene Lagune von Balos bis hin zu den goldenen Horizonten von Falassarna, die f\u00fcr ihre atemberaubenden Sonnenunterg\u00e4nge bekannt sind. F\u00fcr [&hellip;]<\/p>\n","protected":false},"author":3,"featured_media":2856,"parent":0,"menu_order":0,"comment_status":"closed","ping_status":"closed","template":"","meta":{"_acf_changed":false,"footnotes":""},"class_list":["post-2778","page","type-page","status-publish","has-post-thumbnail","hentry"],"acf":[],"yoast_head":"<!-- This site is optimized with the Yoast SEO plugin v27.3 - https:\/\/yoast.com\/product\/yoast-seo-wordpress\/ -->\n<title>Lokale Touren &#8226; Chrispy Hotels<\/title>\n<meta name=\"robots\" content=\"index, follow, max-snippet:-1, max-image-preview:large, max-video-preview:-1\" \/>\n<link rel=\"canonical\" href=\"https:\/\/chrispy.gr\/de\/lokale-touren\/\" \/>\n<meta property=\"og:locale\" content=\"de_DE\" \/>\n<meta property=\"og:type\" content=\"article\" \/>\n<meta property=\"og:title\" content=\"Lokale Touren &#8226; Chrispy Hotels\" \/>\n<meta property=\"og:description\" content=\"Lokale Touren Ihr Aufenthalt in den Chrispy Hotels ist der perfekte Ausgangspunkt, um die Weltklasse-Sch\u00f6nheit Kretas zu erkunden. Beginnen Sie Ihre Reise an den ber\u00fchmten Str\u00e4nden der Insel, vom rosafarbenen Sand von Elafonisi \u00fcber die t\u00fcrkisfarbene Lagune von Balos bis hin zu den goldenen Horizonten von Falassarna, die f\u00fcr ihre atemberaubenden Sonnenunterg\u00e4nge bekannt sind. F\u00fcr [&hellip;]\" \/>\n<meta property=\"og:url\" content=\"https:\/\/chrispy.gr\/de\/lokale-touren\/\" \/>\n<meta property=\"og:site_name\" content=\"Chrispy Hotels\" \/>\n<meta property=\"article:modified_time\" content=\"2026-04-15T06:12:49+00:00\" \/>\n<meta property=\"og:image\" content=\"https:\/\/chrispy.gr\/wp-content\/uploads\/2026\/03\/young-family-on-vacation-have-a-lot-of-fun-2026-01-08-00-38-22-utc-1.webp\" \/>\n\t<meta property=\"og:image:width\" content=\"1920\" \/>\n\t<meta property=\"og:image:height\" content=\"1280\" \/>\n\t<meta property=\"og:image:type\" content=\"image\/webp\" \/>\n<meta name=\"twitter:card\" content=\"summary_large_image\" \/>\n<meta name=\"twitter:label1\" content=\"Gesch\u00e4tzte Lesezeit\" \/>\n\t<meta name=\"twitter:data1\" content=\"2\u00a0Minuten\" \/>\n<script type=\"application\/ld+json\" class=\"yoast-schema-graph\">{\"@context\":\"https:\\\/\\\/schema.org\",\"@graph\":[{\"@type\":\"WebPage\",\"@id\":\"https:\\\/\\\/chrispy.gr\\\/de\\\/lokale-touren\\\/\",\"url\":\"https:\\\/\\\/chrispy.gr\\\/de\\\/lokale-touren\\\/\",\"name\":\"Lokale Touren &#8226; Chrispy Hotels\",\"isPartOf\":{\"@id\":\"https:\\\/\\\/chrispy.gr\\\/de\\\/#website\"},\"primaryImageOfPage\":{\"@id\":\"https:\\\/\\\/chrispy.gr\\\/de\\\/lokale-touren\\\/#primaryimage\"},\"image\":{\"@id\":\"https:\\\/\\\/chrispy.gr\\\/de\\\/lokale-touren\\\/#primaryimage\"},\"thumbnailUrl\":\"https:\\\/\\\/chrispy.gr\\\/wp-content\\\/uploads\\\/2026\\\/03\\\/young-family-on-vacation-have-a-lot-of-fun-2026-01-08-00-38-22-utc-1.webp\",\"datePublished\":\"2026-04-07T12:44:34+00:00\",\"dateModified\":\"2026-04-15T06:12:49+00:00\",\"breadcrumb\":{\"@id\":\"https:\\\/\\\/chrispy.gr\\\/de\\\/lokale-touren\\\/#breadcrumb\"},\"inLanguage\":\"de\",\"potentialAction\":[{\"@type\":\"ReadAction\",\"target\":[\"https:\\\/\\\/chrispy.gr\\\/de\\\/lokale-touren\\\/\"]}]},{\"@type\":\"ImageObject\",\"inLanguage\":\"de\",\"@id\":\"https:\\\/\\\/chrispy.gr\\\/de\\\/lokale-touren\\\/#primaryimage\",\"url\":\"https:\\\/\\\/chrispy.gr\\\/wp-content\\\/uploads\\\/2026\\\/03\\\/young-family-on-vacation-have-a-lot-of-fun-2026-01-08-00-38-22-utc-1.webp\",\"contentUrl\":\"https:\\\/\\\/chrispy.gr\\\/wp-content\\\/uploads\\\/2026\\\/03\\\/young-family-on-vacation-have-a-lot-of-fun-2026-01-08-00-38-22-utc-1.webp\",\"width\":1920,\"height\":1280},{\"@type\":\"BreadcrumbList\",\"@id\":\"https:\\\/\\\/chrispy.gr\\\/de\\\/lokale-touren\\\/#breadcrumb\",\"itemListElement\":[{\"@type\":\"ListItem\",\"position\":1,\"name\":\"Home\",\"item\":\"https:\\\/\\\/chrispy.gr\\\/de\\\/startseite\\\/\"},{\"@type\":\"ListItem\",\"position\":2,\"name\":\"Lokale Touren\"}]},{\"@type\":\"WebSite\",\"@id\":\"https:\\\/\\\/chrispy.gr\\\/de\\\/#website\",\"url\":\"https:\\\/\\\/chrispy.gr\\\/de\\\/\",\"name\":\"Chrispy Hotels\",\"description\":\"\u0391 Collection of Hotels in Chania, Crete, Greece\",\"publisher\":{\"@id\":\"https:\\\/\\\/chrispy.gr\\\/de\\\/#organization\"},\"potentialAction\":[{\"@type\":\"SearchAction\",\"target\":{\"@type\":\"EntryPoint\",\"urlTemplate\":\"https:\\\/\\\/chrispy.gr\\\/de\\\/?s={search_term_string}\"},\"query-input\":{\"@type\":\"PropertyValueSpecification\",\"valueRequired\":true,\"valueName\":\"search_term_string\"}}],\"inLanguage\":\"de\"},{\"@type\":\"Organization\",\"@id\":\"https:\\\/\\\/chrispy.gr\\\/de\\\/#organization\",\"name\":\"Chrispy Hotels\",\"url\":\"https:\\\/\\\/chrispy.gr\\\/de\\\/\",\"logo\":{\"@type\":\"ImageObject\",\"inLanguage\":\"de\",\"@id\":\"https:\\\/\\\/chrispy.gr\\\/de\\\/#\\\/schema\\\/logo\\\/image\\\/\",\"url\":\"https:\\\/\\\/chrispy.gr\\\/wp-content\\\/uploads\\\/2025\\\/06\\\/chrispy-hotels-logo-2.svg\",\"contentUrl\":\"https:\\\/\\\/chrispy.gr\\\/wp-content\\\/uploads\\\/2025\\\/06\\\/chrispy-hotels-logo-2.svg\",\"width\":1228,\"height\":1354,\"caption\":\"Chrispy Hotels\"},\"image\":{\"@id\":\"https:\\\/\\\/chrispy.gr\\\/de\\\/#\\\/schema\\\/logo\\\/image\\\/\"}}]}<\/script>\n<!-- \/ Yoast SEO plugin. -->","yoast_head_json":{"title":"Lokale Touren &#8226; Chrispy Hotels","robots":{"index":"index","follow":"follow","max-snippet":"max-snippet:-1","max-image-preview":"max-image-preview:large","max-video-preview":"max-video-preview:-1"},"canonical":"https:\/\/chrispy.gr\/de\/lokale-touren\/","og_locale":"de_DE","og_type":"article","og_title":"Lokale Touren &#8226; Chrispy Hotels","og_description":"Lokale Touren Ihr Aufenthalt in den Chrispy Hotels ist der perfekte Ausgangspunkt, um die Weltklasse-Sch\u00f6nheit Kretas zu erkunden. Beginnen Sie Ihre Reise an den ber\u00fchmten Str\u00e4nden der Insel, vom rosafarbenen Sand von Elafonisi \u00fcber die t\u00fcrkisfarbene Lagune von Balos bis hin zu den goldenen Horizonten von Falassarna, die f\u00fcr ihre atemberaubenden Sonnenunterg\u00e4nge bekannt sind. F\u00fcr [&hellip;]","og_url":"https:\/\/chrispy.gr\/de\/lokale-touren\/","og_site_name":"Chrispy Hotels","article_modified_time":"2026-04-15T06:12:49+00:00","og_image":[{"width":1920,"height":1280,"url":"https:\/\/chrispy.gr\/wp-content\/uploads\/2026\/03\/young-family-on-vacation-have-a-lot-of-fun-2026-01-08-00-38-22-utc-1.webp","type":"image\/webp"}],"twitter_card":"summary_large_image","twitter_misc":{"Gesch\u00e4tzte Lesezeit":"2\u00a0Minuten"},"schema":{"@context":"https:\/\/schema.org","@graph":[{"@type":"WebPage","@id":"https:\/\/chrispy.gr\/de\/lokale-touren\/","url":"https:\/\/chrispy.gr\/de\/lokale-touren\/","name":"Lokale Touren &#8226; Chrispy Hotels","isPartOf":{"@id":"https:\/\/chrispy.gr\/de\/#website"},"primaryImageOfPage":{"@id":"https:\/\/chrispy.gr\/de\/lokale-touren\/#primaryimage"},"image":{"@id":"https:\/\/chrispy.gr\/de\/lokale-touren\/#primaryimage"},"thumbnailUrl":"https:\/\/chrispy.gr\/wp-content\/uploads\/2026\/03\/young-family-on-vacation-have-a-lot-of-fun-2026-01-08-00-38-22-utc-1.webp","datePublished":"2026-04-07T12:44:34+00:00","dateModified":"2026-04-15T06:12:49+00:00","breadcrumb":{"@id":"https:\/\/chrispy.gr\/de\/lokale-touren\/#breadcrumb"},"inLanguage":"de","potentialAction":[{"@type":"ReadAction","target":["https:\/\/chrispy.gr\/de\/lokale-touren\/"]}]},{"@type":"ImageObject","inLanguage":"de","@id":"https:\/\/chrispy.gr\/de\/lokale-touren\/#primaryimage","url":"https:\/\/chrispy.gr\/wp-content\/uploads\/2026\/03\/young-family-on-vacation-have-a-lot-of-fun-2026-01-08-00-38-22-utc-1.webp","contentUrl":"https:\/\/chrispy.gr\/wp-content\/uploads\/2026\/03\/young-family-on-vacation-have-a-lot-of-fun-2026-01-08-00-38-22-utc-1.webp","width":1920,"height":1280},{"@type":"BreadcrumbList","@id":"https:\/\/chrispy.gr\/de\/lokale-touren\/#breadcrumb","itemListElement":[{"@type":"ListItem","position":1,"name":"Home","item":"https:\/\/chrispy.gr\/de\/startseite\/"},{"@type":"ListItem","position":2,"name":"Lokale Touren"}]},{"@type":"WebSite","@id":"https:\/\/chrispy.gr\/de\/#website","url":"https:\/\/chrispy.gr\/de\/","name":"Chrispy Hotels","description":"\u0391 Collection of Hotels in Chania, Crete, Greece","publisher":{"@id":"https:\/\/chrispy.gr\/de\/#organization"},"potentialAction":[{"@type":"SearchAction","target":{"@type":"EntryPoint","urlTemplate":"https:\/\/chrispy.gr\/de\/?s={search_term_string}"},"query-input":{"@type":"PropertyValueSpecification","valueRequired":true,"valueName":"search_term_string"}}],"inLanguage":"de"},{"@type":"Organization","@id":"https:\/\/chrispy.gr\/de\/#organization","name":"Chrispy Hotels","url":"https:\/\/chrispy.gr\/de\/","logo":{"@type":"ImageObject","inLanguage":"de","@id":"https:\/\/chrispy.gr\/de\/#\/schema\/logo\/image\/","url":"https:\/\/chrispy.gr\/wp-content\/uploads\/2025\/06\/chrispy-hotels-logo-2.svg","contentUrl":"https:\/\/chrispy.gr\/wp-content\/uploads\/2025\/06\/chrispy-hotels-logo-2.svg","width":1228,"height":1354,"caption":"Chrispy Hotels"},"image":{"@id":"https:\/\/chrispy.gr\/de\/#\/schema\/logo\/image\/"}}]}},"_links":{"self":[{"href":"https:\/\/chrispy.gr\/de\/wp-json\/wp\/v2\/pages\/2778","targetHints":{"allow":["GET"]}}],"collection":[{"href":"https:\/\/chrispy.gr\/de\/wp-json\/wp\/v2\/pages"}],"about":[{"href":"https:\/\/chrispy.gr\/de\/wp-json\/wp\/v2\/types\/page"}],"author":[{"embeddable":true,"href":"https:\/\/chrispy.gr\/de\/wp-json\/wp\/v2\/users\/3"}],"replies":[{"embeddable":true,"href":"https:\/\/chrispy.gr\/de\/wp-json\/wp\/v2\/comments?post=2778"}],"version-history":[{"count":0,"href":"https:\/\/chrispy.gr\/de\/wp-json\/wp\/v2\/pages\/2778\/revisions"}],"wp:featuredmedia":[{"embeddable":true,"href":"https:\/\/chrispy.gr\/de\/wp-json\/wp\/v2\/media\/2856"}],"wp:attachment":[{"href":"https:\/\/chrispy.gr\/de\/wp-json\/wp\/v2\/media?parent=2778"}],"curies":[{"name":"wp","href":"https:\/\/api.w.org\/{rel}","templated":true}]}}